{"id":229,"date":"2026-02-09T14:48:12","date_gmt":"2026-02-09T12:48:12","guid":{"rendered":"https:\/\/impactschool.de\/?page_id=229"},"modified":"2026-03-06T18:08:51","modified_gmt":"2026-03-06T16:08:51","slug":"events","status":"publish","type":"page","link":"https:\/\/impactschool.de\/ru\/events\/","title":{"rendered":"\u0421\u043e\u0431\u044b\u0442\u0438\u044f"},"content":{"rendered":"<div data-elementor-type=\"wp-page\" data-elementor-id=\"229\" class=\"elementor elementor-229\" data-elementor-post-type=\"page\">\n\t\t\t\t<div class=\"elementor-element elementor-element-6125061 e-flex e-con-boxed e-con e-parent\" data-id=\"6125061\" data-element_type=\"container\" data-e-type=\"container\">\n\t\t\t\t\t<div class=\"e-con-inner\">\n\t\t\t\t<div class=\"elementor-element elementor-element-ab060f8 elementor-widget elementor-widget-heading\" data-id=\"ab060f8\" data-element_type=\"widget\" data-e-type=\"widget\" data-widget_type=\"heading.default\">\n\t\t\t\t<div class=\"elementor-widget-container\">\n\t\t\t\t\t<h2 class=\"elementor-heading-title elementor-size-default\">\u0421\u043e\u0431\u044b\u0442\u0438\u044f<br>Socialjobs.network<\/h2>\t\t\t\t<\/div>\n\t\t\t\t<\/div>\n\t\t\t\t\t<\/div>\n\t\t\t\t<\/div>\n\t\t<div class=\"elementor-element elementor-element-ef00cbc e-grid e-con-boxed e-con e-parent\" data-id=\"ef00cbc\" data-element_type=\"container\" data-e-type=\"container\">\n\t\t\t\t\t<div class=\"e-con-inner\">\n\t\t<div class=\"elementor-element elementor-element-78d4484 e-con-full e-flex e-con e-child\" data-id=\"78d4484\" data-element_type=\"container\" data-e-type=\"container\">\n\t\t\t\t<div class=\"elementor-element elementor-element-b87f01b elementor-widget elementor-widget-text-editor\" data-id=\"b87f01b\" data-element_type=\"widget\" data-e-type=\"widget\" data-widget_type=\"text-editor.default\">\n\t\t\t\t<div class=\"elementor-widget-container\">\n\t\t\t\t\t\t\t\t\t<p><strong>\u0421\u041e\u0411\u042b\u0422\u0418\u042f<\/strong><\/p>\t\t\t\t\t\t\t\t<\/div>\n\t\t\t\t<\/div>\n\t\t\t\t<div class=\"elementor-element elementor-element-b1c0648 elementor-widget__width-initial elementor-widget elementor-widget-heading\" data-id=\"b1c0648\" data-element_type=\"widget\" data-e-type=\"widget\" data-widget_type=\"heading.default\">\n\t\t\t\t<div class=\"elementor-widget-container\">\n\t\t\t\t\t<h1 class=\"elementor-heading-title elementor-size-default\">Socialjobs.network<\/h1>\t\t\t\t<\/div>\n\t\t\t\t<\/div>\n\t\t\t\t<div class=\"elementor-element elementor-element-d2929aa elementor-widget elementor-widget-text-editor\" data-id=\"d2929aa\" data-element_type=\"widget\" data-e-type=\"widget\" data-widget_type=\"text-editor.default\">\n\t\t\t\t<div class=\"elementor-widget-container\">\n\t\t\t\t\t\t\t\t\t<div id=\"text_block-22-6\" class=\"ct-text-block subhead\"><p>\u041d\u0435\u0445\u0432\u0430\u0442\u043a\u0430 \u043a\u0432\u0430\u043b\u0438\u0444\u0438\u0446\u0438\u0440\u043e\u0432\u0430\u043d\u043d\u044b\u0445 \u043a\u0430\u0434\u0440\u043e\u0432 \u0432 \u0441\u043e\u0446\u0438\u0430\u043b\u044c\u043d\u043e\u0439 \u0438 \u043e\u0431\u0440\u0430\u0437\u043e\u0432\u0430\u0442\u0435\u043b\u044c\u043d\u043e\u0439 \u0441\u0444\u0435\u0440\u0435 - \u0441\u0435\u0440\u044c\u0435\u0437\u043d\u0430\u044f \u043f\u0440\u043e\u0431\u043b\u0435\u043c\u0430 \u0434\u043b\u044f \u043d\u0430\u0448\u0435\u0433\u043e \u043e\u0431\u0449\u0435\u0441\u0442\u0432\u0430. \u0412 \u0442\u043e \u0436\u0435 \u0432\u0440\u0435\u043c\u044f \u043c\u043d\u043e\u0433\u0438\u0435 \u043b\u044e\u0434\u0438 \u0438\u0449\u0443\u0442 \u043d\u043e\u0432\u044b\u0435 \u0432\u043e\u0437\u043c\u043e\u0436\u043d\u043e\u0441\u0442\u0438 \u0434\u043b\u044f \u043f\u0440\u043e\u0444\u0435\u0441\u0441\u0438\u043e\u043d\u0430\u043b\u044c\u043d\u043e\u0439 \u0434\u0435\u044f\u0442\u0435\u043b\u044c\u043d\u043e\u0441\u0442\u0438. \u0418\u043c\u0435\u043d\u043d\u043e \u0437\u0434\u0435\u0441\u044c \u043c\u044b \u0438 \u043e\u043a\u0430\u0437\u044b\u0432\u0430\u0435\u043c\u0441\u044f: \u041c\u044b \u0441\u043e\u0435\u0434\u0438\u043d\u044f\u0435\u043c \u0440\u0430\u0431\u043e\u0442\u043e\u0434\u0430\u0442\u0435\u043b\u0435\u0439, \u0442\u0430\u043a\u0438\u0445 \u043a\u0430\u043a \u0434\u0435\u0442\u0441\u043a\u0438\u0435 \u0441\u0430\u0434\u044b, \u0448\u043a\u043e\u043b\u044b \u0438 \u043d\u0435\u0437\u0430\u0432\u0438\u0441\u0438\u043c\u044b\u0435 \u043e\u0440\u0433\u0430\u043d\u0438\u0437\u0430\u0446\u0438\u0438 \u043f\u043e \u0440\u0430\u0431\u043e\u0442\u0435 \u0441 \u043c\u043e\u043b\u043e\u0434\u0435\u0436\u044c\u044e, \u0441 \u0446\u0435\u043d\u0442\u0440\u0430\u043c\u0438 \u0437\u0430\u043d\u044f\u0442\u043e\u0441\u0442\u0438 \u0438 \u0430\u0433\u0435\u043d\u0442\u0441\u0442\u0432\u0430\u043c\u0438 \u043f\u043e \u0442\u0440\u0443\u0434\u043e\u0443\u0441\u0442\u0440\u043e\u0439\u0441\u0442\u0432\u0443, \u043f\u043e\u0441\u0442\u0430\u0432\u0449\u0438\u043a\u0430\u043c\u0438 \u0443\u0441\u043b\u0443\u0433 \u0434\u043e\u043f\u043e\u043b\u043d\u0438\u0442\u0435\u043b\u044c\u043d\u043e\u0433\u043e \u043e\u0431\u0440\u0430\u0437\u043e\u0432\u0430\u043d\u0438\u044f \u0438 \u0442\u0435\u043c\u0438, \u043a\u0442\u043e \u043c\u0435\u043d\u044f\u0435\u0442 \u043f\u0440\u043e\u0444\u0435\u0441\u0441\u0438\u044e. \u041f\u043e\u0442\u043e\u043c\u0443 \u0447\u0442\u043e \u0431\u0443\u0434\u0443\u0449\u0435\u0435 \u043d\u0430\u0448\u0438\u0445 \u0434\u0435\u0442\u0435\u0439 \u0438 \u043e\u0431\u0440\u0430\u0437\u043e\u0432\u0430\u0442\u0435\u043b\u044c\u043d\u044b\u0445 \u0443\u0447\u0440\u0435\u0436\u0434\u0435\u043d\u0438\u0439 \u043d\u0443\u0436\u0434\u0430\u0435\u0442\u0441\u044f \u0432 \u043f\u0440\u0435\u0434\u0430\u043d\u043d\u044b\u0445 \u0441\u0432\u043e\u0435\u043c\u0443 \u0434\u0435\u043b\u0443 \u0441\u043f\u0435\u0446\u0438\u0430\u043b\u0438\u0441\u0442\u0430\u0445 \u043f\u043e \u0441\u043e\u0446\u0438\u0430\u043b\u044c\u043d\u043e-\u043f\u0435\u0434\u0430\u0433\u043e\u0433\u0438\u0447\u0435\u0441\u043a\u0438\u043c \u0432\u043e\u043f\u0440\u043e\u0441\u0430\u043c \u0438 \u0434\u043e\u043f\u043e\u043b\u043d\u0438\u0442\u0435\u043b\u044c\u043d\u043e\u043c \u043f\u0435\u0440\u0441\u043e\u043d\u0430\u043b\u0435.<\/p><div id=\"text_block-102-6\" class=\"ct-text-block\"><strong>\u041d\u0430\u0448\u0438 \u043c\u0435\u0440\u043e\u043f\u0440\u0438\u044f\u0442\u0438\u044f \u043a\u0430\u043a \u044d\u0444\u0444\u0435\u043a\u0442\u0438\u0432\u043d\u0430\u044f \u043f\u043b\u0430\u0442\u0444\u043e\u0440\u043c\u0430 \u0434\u043b\u044f \u043d\u0430\u043b\u0430\u0436\u0438\u0432\u0430\u043d\u0438\u044f \u043a\u043e\u043d\u0442\u0430\u043a\u0442\u043e\u0432<\/strong><\/div><div>\u00a0<\/div><div id=\"text_block-103-6\" class=\"ct-text-block\">\u0414\u043b\u044f \u0430\u0433\u0435\u043d\u0442\u0441\u0442\u0432 \u043f\u043e \u0442\u0440\u0443\u0434\u043e\u0443\u0441\u0442\u0440\u043e\u0439\u0441\u0442\u0432\u0443, \u0446\u0435\u043d\u0442\u0440\u043e\u0432 \u0437\u0430\u043d\u044f\u0442\u043e\u0441\u0442\u0438, \u0440\u0430\u0431\u043e\u0442\u043e\u0434\u0430\u0442\u0435\u043b\u0435\u0439, \u0442\u0440\u0435\u043d\u0438\u043d\u0433\u043e\u0432\u044b\u0445 \u043a\u043e\u043c\u043f\u0430\u043d\u0438\u0439 \u0438 \u043b\u0438\u0446, \u043c\u0435\u043d\u044f\u044e\u0449\u0438\u0445 \u043f\u0440\u043e\u0444\u0435\u0441\u0441\u0438\u044e.<\/div><\/div>\t\t\t\t\t\t\t\t<\/div>\n\t\t\t\t<\/div>\n\t\t\t\t<div class=\"elementor-element elementor-element-65875e6 elementor-align-justify elementor-widget__width-initial elementor-widget elementor-widget-button\" data-id=\"65875e6\" data-element_type=\"widget\" data-e-type=\"widget\" data-widget_type=\"button.default\">\n\t\t\t\t<div class=\"elementor-widget-container\">\n\t\t\t\t\t\t\t\t\t<div class=\"elementor-button-wrapper\">\n\t\t\t\t\t<a class=\"elementor-button elementor-button-link elementor-size-sm\" href=\"https:\/\/www.socialjobsnetwork.de\/\">\n\t\t\t\t\t\t<span class=\"elementor-button-content-wrapper\">\n\t\t\t\t\t\t\t\t\t<span class=\"elementor-button-text\">\u0423\u0437\u043d\u0430\u0442\u044c \u0437\u0434\u0435\u0441\u044c<\/span>\n\t\t\t\t\t<\/span>\n\t\t\t\t\t<\/a>\n\t\t\t\t<\/div>\n\t\t\t\t\t\t\t\t<\/div>\n\t\t\t\t<\/div>\n\t\t\t\t<\/div>\n\t\t\t\t<div class=\"elementor-element elementor-element-8a71db0 elementor-widget elementor-widget-image\" data-id=\"8a71db0\" data-element_type=\"widget\" data-e-type=\"widget\" data-widget_type=\"image.default\">\n\t\t\t\t<div class=\"elementor-widget-container\">\n\t\t\t\t\t\t\t\t\t\t\t\t\t\t\t<img fetchpriority=\"high\" decoding=\"async\" width=\"768\" height=\"512\" src=\"https:\/\/impactschool.de\/wp-content\/uploads\/2026\/03\/AdobeStock_431669513-2048x1366-1-768x512.jpeg\" class=\"attachment-medium_large size-medium_large wp-image-986\" alt=\"\" srcset=\"https:\/\/impactschool.de\/wp-content\/uploads\/2026\/03\/AdobeStock_431669513-2048x1366-1-768x512.jpeg 768w, https:\/\/impactschool.de\/wp-content\/uploads\/2026\/03\/AdobeStock_431669513-2048x1366-1-300x200.jpeg 300w, https:\/\/impactschool.de\/wp-content\/uploads\/2026\/03\/AdobeStock_431669513-2048x1366-1-1024x683.jpeg 1024w, https:\/\/impactschool.de\/wp-content\/uploads\/2026\/03\/AdobeStock_431669513-2048x1366-1-1536x1025.jpeg 1536w, https:\/\/impactschool.de\/wp-content\/uploads\/2026\/03\/AdobeStock_431669513-2048x1366-1-18x12.jpeg 18w, https:\/\/impactschool.de\/wp-content\/uploads\/2026\/03\/AdobeStock_431669513-2048x1366-1.jpeg 2048w\" sizes=\"(max-width: 768px) 100vw, 768px\" \/>\t\t\t\t\t\t\t\t\t\t\t\t\t\t\t<\/div>\n\t\t\t\t<\/div>\n\t\t\t\t\t<\/div>\n\t\t\t\t<\/div>\n\t\t\t\t<\/div>","protected":false},"excerpt":{"rendered":"<p>EventsSocialjobs.network EVENTS Socialjobs.network Der Fachkr\u00e4ftemangel im sozialen und p\u00e4dagogischen Bereich stellt eine gro\u00dfe Herausforderung f\u00fcr unsere Gesellschaft dar. Gleichzeitig gibt es viele Menschen, die nach neuen Wegen suchen, um beruflich etwas Sinnstiftendes zu tun. Genau hier setzen wir an: Wir verbinden Arbeitgeber wie Kitas, Schulen und Tr\u00e4ger der freien Jugendhilfe mit Jobcentern und Arbeitsagenturen, Weiterbildungsanbietern [&hellip;]<\/p>\n","protected":false},"author":2,"featured_media":0,"parent":0,"menu_order":0,"comment_status":"closed","ping_status":"closed","template":"","meta":{"_acf_changed":false,"footnotes":""},"class_list":["post-229","page","type-page","status-publish","hentry"],"acf":[],"yoast_head":"<!-- This site is optimized with the Yoast SEO plugin v27.4 - https:\/\/yoast.com\/product\/yoast-seo-wordpress\/ -->\n<title>Events - SIS Social Impact School GmbH<\/title>\n<meta name=\"robots\" content=\"index, follow, max-snippet:-1, max-image-preview:large, max-video-preview:-1\" \/>\n<link rel=\"canonical\" href=\"https:\/\/impactschool.de\/ru\/events\/\" \/>\n<meta property=\"og:locale\" content=\"ru_RU\" \/>\n<meta property=\"og:type\" content=\"article\" \/>\n<meta property=\"og:title\" content=\"Events - SIS Social Impact School GmbH\" \/>\n<meta property=\"og:description\" content=\"EventsSocialjobs.network EVENTS Socialjobs.network Der Fachkr\u00e4ftemangel im sozialen und p\u00e4dagogischen Bereich stellt eine gro\u00dfe Herausforderung f\u00fcr unsere Gesellschaft dar. Gleichzeitig gibt es viele Menschen, die nach neuen Wegen suchen, um beruflich etwas Sinnstiftendes zu tun. Genau hier setzen wir an: Wir verbinden Arbeitgeber wie Kitas, Schulen und Tr\u00e4ger der freien Jugendhilfe mit Jobcentern und Arbeitsagenturen, Weiterbildungsanbietern [&hellip;]\" \/>\n<meta property=\"og:url\" content=\"https:\/\/impactschool.de\/ru\/events\/\" \/>\n<meta property=\"og:site_name\" content=\"SIS Social Impact School GmbH\" \/>\n<meta property=\"article:modified_time\" content=\"2026-03-06T16:08:51+00:00\" \/>\n<meta property=\"og:image\" content=\"https:\/\/impactschool.de\/wp-content\/uploads\/2026\/03\/AdobeStock_431669513-2048x1366-1-768x512.jpeg\" \/>\n<meta name=\"twitter:card\" content=\"summary_large_image\" \/>\n<meta name=\"twitter:label1\" content=\"\u041f\u0440\u0438\u043c\u0435\u0440\u043d\u043e\u0435 \u0432\u0440\u0435\u043c\u044f \u0434\u043b\u044f \u0447\u0442\u0435\u043d\u0438\u044f\" \/>\n\t<meta name=\"twitter:data1\" content=\"1 \u043c\u0438\u043d\u0443\u0442\u0430\" \/>\n<script type=\"application\/ld+json\" class=\"yoast-schema-graph\">{\"@context\":\"https:\\\/\\\/schema.org\",\"@graph\":[{\"@type\":\"WebPage\",\"@id\":\"https:\\\/\\\/impactschool.de\\\/events\\\/\",\"url\":\"https:\\\/\\\/impactschool.de\\\/events\\\/\",\"name\":\"Events - SIS Social Impact School GmbH\",\"isPartOf\":{\"@id\":\"https:\\\/\\\/impactschool.de\\\/en\\\/#website\"},\"primaryImageOfPage\":{\"@id\":\"https:\\\/\\\/impactschool.de\\\/events\\\/#primaryimage\"},\"image\":{\"@id\":\"https:\\\/\\\/impactschool.de\\\/events\\\/#primaryimage\"},\"thumbnailUrl\":\"https:\\\/\\\/impactschool.de\\\/wp-content\\\/uploads\\\/2026\\\/03\\\/AdobeStock_431669513-2048x1366-1-768x512.jpeg\",\"datePublished\":\"2026-02-09T12:48:12+00:00\",\"dateModified\":\"2026-03-06T16:08:51+00:00\",\"breadcrumb\":{\"@id\":\"https:\\\/\\\/impactschool.de\\\/events\\\/#breadcrumb\"},\"inLanguage\":\"ru-RU\",\"potentialAction\":[{\"@type\":\"ReadAction\",\"target\":[\"https:\\\/\\\/impactschool.de\\\/events\\\/\"]}]},{\"@type\":\"ImageObject\",\"inLanguage\":\"ru-RU\",\"@id\":\"https:\\\/\\\/impactschool.de\\\/events\\\/#primaryimage\",\"url\":\"https:\\\/\\\/impactschool.de\\\/wp-content\\\/uploads\\\/2026\\\/03\\\/AdobeStock_431669513-2048x1366-1-768x512.jpeg\",\"contentUrl\":\"https:\\\/\\\/impactschool.de\\\/wp-content\\\/uploads\\\/2026\\\/03\\\/AdobeStock_431669513-2048x1366-1-768x512.jpeg\"},{\"@type\":\"BreadcrumbList\",\"@id\":\"https:\\\/\\\/impactschool.de\\\/events\\\/#breadcrumb\",\"itemListElement\":[{\"@type\":\"ListItem\",\"position\":1,\"name\":\"Home\",\"item\":\"https:\\\/\\\/impactschool.de\\\/\"},{\"@type\":\"ListItem\",\"position\":2,\"name\":\"Events\"}]},{\"@type\":\"WebSite\",\"@id\":\"https:\\\/\\\/impactschool.de\\\/en\\\/#website\",\"url\":\"https:\\\/\\\/impactschool.de\\\/en\\\/\",\"name\":\"SIS Social Impact School GmbH\",\"description\":\"SIS Social Impact School GmbH\",\"publisher\":{\"@id\":\"https:\\\/\\\/impactschool.de\\\/en\\\/#organization\"},\"potentialAction\":[{\"@type\":\"SearchAction\",\"target\":{\"@type\":\"EntryPoint\",\"urlTemplate\":\"https:\\\/\\\/impactschool.de\\\/en\\\/?s={search_term_string}\"},\"query-input\":{\"@type\":\"PropertyValueSpecification\",\"valueRequired\":true,\"valueName\":\"search_term_string\"}}],\"inLanguage\":\"ru-RU\"},{\"@type\":\"Organization\",\"@id\":\"https:\\\/\\\/impactschool.de\\\/en\\\/#organization\",\"name\":\"SIS Social Impact School GmbH\",\"url\":\"https:\\\/\\\/impactschool.de\\\/en\\\/\",\"logo\":{\"@type\":\"ImageObject\",\"inLanguage\":\"ru-RU\",\"@id\":\"https:\\\/\\\/impactschool.de\\\/en\\\/#\\\/schema\\\/logo\\\/image\\\/\",\"url\":\"https:\\\/\\\/impactschool.de\\\/wp-content\\\/uploads\\\/2026\\\/03\\\/Impact-School-Logo.png\",\"contentUrl\":\"https:\\\/\\\/impactschool.de\\\/wp-content\\\/uploads\\\/2026\\\/03\\\/Impact-School-Logo.png\",\"width\":1300,\"height\":1300,\"caption\":\"SIS Social Impact School GmbH\"},\"image\":{\"@id\":\"https:\\\/\\\/impactschool.de\\\/en\\\/#\\\/schema\\\/logo\\\/image\\\/\"},\"sameAs\":[\"https:\\\/\\\/de.linkedin.com\\\/company\\\/social-impact-school\",\"https:\\\/\\\/www.instagram.com\\\/impactschool.de\"]}]}<\/script>\n<!-- \/ Yoast SEO plugin. -->","yoast_head_json":{"title":"Events - SIS Social Impact School GmbH","robots":{"index":"index","follow":"follow","max-snippet":"max-snippet:-1","max-image-preview":"max-image-preview:large","max-video-preview":"max-video-preview:-1"},"canonical":"https:\/\/impactschool.de\/ru\/events\/","og_locale":"ru_RU","og_type":"article","og_title":"Events - SIS Social Impact School GmbH","og_description":"EventsSocialjobs.network EVENTS Socialjobs.network Der Fachkr\u00e4ftemangel im sozialen und p\u00e4dagogischen Bereich stellt eine gro\u00dfe Herausforderung f\u00fcr unsere Gesellschaft dar. Gleichzeitig gibt es viele Menschen, die nach neuen Wegen suchen, um beruflich etwas Sinnstiftendes zu tun. Genau hier setzen wir an: Wir verbinden Arbeitgeber wie Kitas, Schulen und Tr\u00e4ger der freien Jugendhilfe mit Jobcentern und Arbeitsagenturen, Weiterbildungsanbietern [&hellip;]","og_url":"https:\/\/impactschool.de\/ru\/events\/","og_site_name":"SIS Social Impact School GmbH","article_modified_time":"2026-03-06T16:08:51+00:00","og_image":[{"url":"https:\/\/impactschool.de\/wp-content\/uploads\/2026\/03\/AdobeStock_431669513-2048x1366-1-768x512.jpeg","type":"","width":"","height":""}],"twitter_card":"summary_large_image","twitter_misc":{"\u041f\u0440\u0438\u043c\u0435\u0440\u043d\u043e\u0435 \u0432\u0440\u0435\u043c\u044f \u0434\u043b\u044f \u0447\u0442\u0435\u043d\u0438\u044f":"1 \u043c\u0438\u043d\u0443\u0442\u0430"},"schema":{"@context":"https:\/\/schema.org","@graph":[{"@type":"WebPage","@id":"https:\/\/impactschool.de\/events\/","url":"https:\/\/impactschool.de\/events\/","name":"Events - SIS Social Impact School GmbH","isPartOf":{"@id":"https:\/\/impactschool.de\/en\/#website"},"primaryImageOfPage":{"@id":"https:\/\/impactschool.de\/events\/#primaryimage"},"image":{"@id":"https:\/\/impactschool.de\/events\/#primaryimage"},"thumbnailUrl":"https:\/\/impactschool.de\/wp-content\/uploads\/2026\/03\/AdobeStock_431669513-2048x1366-1-768x512.jpeg","datePublished":"2026-02-09T12:48:12+00:00","dateModified":"2026-03-06T16:08:51+00:00","breadcrumb":{"@id":"https:\/\/impactschool.de\/events\/#breadcrumb"},"inLanguage":"ru-RU","potentialAction":[{"@type":"ReadAction","target":["https:\/\/impactschool.de\/events\/"]}]},{"@type":"ImageObject","inLanguage":"ru-RU","@id":"https:\/\/impactschool.de\/events\/#primaryimage","url":"https:\/\/impactschool.de\/wp-content\/uploads\/2026\/03\/AdobeStock_431669513-2048x1366-1-768x512.jpeg","contentUrl":"https:\/\/impactschool.de\/wp-content\/uploads\/2026\/03\/AdobeStock_431669513-2048x1366-1-768x512.jpeg"},{"@type":"BreadcrumbList","@id":"https:\/\/impactschool.de\/events\/#breadcrumb","itemListElement":[{"@type":"ListItem","position":1,"name":"Home","item":"https:\/\/impactschool.de\/"},{"@type":"ListItem","position":2,"name":"Events"}]},{"@type":"WebSite","@id":"https:\/\/impactschool.de\/en\/#website","url":"https:\/\/impactschool.de\/en\/","name":"SIS Social Impact School GmbH","description":"SIS Social Impact School GmbH","publisher":{"@id":"https:\/\/impactschool.de\/en\/#organization"},"potentialAction":[{"@type":"SearchAction","target":{"@type":"EntryPoint","urlTemplate":"https:\/\/impactschool.de\/en\/?s={search_term_string}"},"query-input":{"@type":"PropertyValueSpecification","valueRequired":true,"valueName":"search_term_string"}}],"inLanguage":"ru-RU"},{"@type":"Organization","@id":"https:\/\/impactschool.de\/en\/#organization","name":"SIS Social Impact School GmbH","url":"https:\/\/impactschool.de\/en\/","logo":{"@type":"ImageObject","inLanguage":"ru-RU","@id":"https:\/\/impactschool.de\/en\/#\/schema\/logo\/image\/","url":"https:\/\/impactschool.de\/wp-content\/uploads\/2026\/03\/Impact-School-Logo.png","contentUrl":"https:\/\/impactschool.de\/wp-content\/uploads\/2026\/03\/Impact-School-Logo.png","width":1300,"height":1300,"caption":"SIS Social Impact School GmbH"},"image":{"@id":"https:\/\/impactschool.de\/en\/#\/schema\/logo\/image\/"},"sameAs":["https:\/\/de.linkedin.com\/company\/social-impact-school","https:\/\/www.instagram.com\/impactschool.de"]}]}},"_hostinger_reach_plugin_has_subscription_block":false,"_hostinger_reach_plugin_is_elementor":false,"_links":{"self":[{"href":"https:\/\/impactschool.de\/ru\/wp-json\/wp\/v2\/pages\/229","targetHints":{"allow":["GET"]}}],"collection":[{"href":"https:\/\/impactschool.de\/ru\/wp-json\/wp\/v2\/pages"}],"about":[{"href":"https:\/\/impactschool.de\/ru\/wp-json\/wp\/v2\/types\/page"}],"author":[{"embeddable":true,"href":"https:\/\/impactschool.de\/ru\/wp-json\/wp\/v2\/users\/2"}],"replies":[{"embeddable":true,"href":"https:\/\/impactschool.de\/ru\/wp-json\/wp\/v2\/comments?post=229"}],"version-history":[{"count":16,"href":"https:\/\/impactschool.de\/ru\/wp-json\/wp\/v2\/pages\/229\/revisions"}],"predecessor-version":[{"id":1441,"href":"https:\/\/impactschool.de\/ru\/wp-json\/wp\/v2\/pages\/229\/revisions\/1441"}],"wp:attachment":[{"href":"https:\/\/impactschool.de\/ru\/wp-json\/wp\/v2\/media?parent=229"}],"curies":[{"name":"wp","href":"https:\/\/api.w.org\/{rel}","templated":true}]}}