{"id":1456,"date":"2026-03-09T10:49:50","date_gmt":"2026-03-09T08:49:50","guid":{"rendered":"https:\/\/impactschool.de\/?page_id=1456"},"modified":"2026-03-09T10:54:47","modified_gmt":"2026-03-09T08:54:47","slug":"form-abmeldung","status":"publish","type":"page","link":"https:\/\/impactschool.de\/tr\/form-abmeldung\/","title":{"rendered":"Kein Interesse an aktuellen Kursen"},"content":{"rendered":"<div data-elementor-type=\"wp-page\" data-elementor-id=\"1456\" class=\"elementor elementor-1456\" data-elementor-post-type=\"page\">\n\t\t\t\t<div class=\"elementor-element elementor-element-e35d3ae e-flex e-con-boxed e-con e-parent\" data-id=\"e35d3ae\" data-element_type=\"container\" data-e-type=\"container\">\n\t\t\t\t\t<div class=\"e-con-inner\">\n\t\t\t\t<div class=\"elementor-element elementor-element-1e681c1 elementor-widget elementor-widget-heading\" data-id=\"1e681c1\" data-element_type=\"widget\" data-e-type=\"widget\" data-widget_type=\"heading.default\">\n\t\t\t\t<div class=\"elementor-widget-container\">\n\t\t\t\t\t<h1 class=\"elementor-heading-title elementor-size-default\">Kein Interesse an aktuellen Kursen<\/h1>\t\t\t\t<\/div>\n\t\t\t\t<\/div>\n\t\t\t\t<div class=\"elementor-element elementor-element-24f0a72 elementor-widget elementor-widget-text-editor\" data-id=\"24f0a72\" data-element_type=\"widget\" data-e-type=\"widget\" data-widget_type=\"text-editor.default\">\n\t\t\t\t<div class=\"elementor-widget-container\">\n\t\t\t\t\t\t\t\t\t<p>Damit wir dich f\u00fcr die aktuellen Kurse vorerst nicht mehr kontaktieren, gib hier bitte nochmal zum Abgleich deine E-Mail-Adresse ein, unter der du unsere E-Mail erhalten hast.<\/p>\t\t\t\t\t\t\t\t<\/div>\n\t\t\t\t<\/div>\n\t\t\t\t<div class=\"elementor-element elementor-element-ab8b6c1 fluent-form-widget-step-header-yes fluent-form-widget-step-progressbar-yes fluentform-widget-submit-button-custom elementor-widget elementor-widget-fluent-form-widget\" data-id=\"ab8b6c1\" data-element_type=\"widget\" data-e-type=\"widget\" data-widget_type=\"fluent-form-widget.default\">\n\t\t\t\t<div class=\"elementor-widget-container\">\n\t\t\t\t\t\n            <div class=\"fluentform-widget-wrapper fluentform-widget-align-default\">\n\n            \n            <div class='fluentform ff-default fluentform_wrapper_8 ffs_default_wrap'><form data-form_id=\"8\" id=\"fluentform_8\" class=\"frm-fluent-form fluent_form_8 ff-el-form-top ff_form_instance_8_1 ff-form-loading ffs_default\" data-form_instance=\"ff_form_instance_8_1\" method=\"POST\" action=\"\" ><fieldset  style=\"border: none!important;margin: 0!important;padding: 0!important;background-color: transparent!important;box-shadow: none!important;outline: none!important; min-inline-size: 100%;\">\n                    <legend class=\"ff_screen_reader_title\" style=\"display: block; margin: 0!important;padding: 0!important;height: 0!important;text-indent: -999999px;width: 0!important;overflow:hidden;\">Abmeldung | N\u00e4chster Kurs<\/legend>        <div\n                style=\"display: none!important; position: absolute!important; transform: translateX(1000%)!important;\"\n                class=\"ff-el-group ff-hpsf-container\"\n        >\n            <div class=\"ff-el-input--label asterisk-right\">\n                <label for=\"ff_8_item_sf\" aria-label=\"G\u00fcncellemeler\">\n                    G\u00fcncellemeler                <\/label>\n            <\/div>\n            <div class=\"ff-el-input--content\">\n                <input type=\"text\"\n                       name=\"item_8__fluent_sf\"\n                       class=\"ff-el-form-control\"\n                       id=\"ff_8_item_sf\"\n                \/>\n            <\/div>\n        <\/div>\n        <input type='hidden' name='__fluent_form_embded_post_id' value='1456' \/><input type=\"hidden\" id=\"_fluentform_8_fluentformnonce\" name=\"_fluentform_8_fluentformnonce\" value=\"0d16972713\" \/><input type=\"hidden\" name=\"_wp_http_referer\" value=\"\/tr\/wp-json\/wp\/v2\/pages\/1456\" \/><div class='ff-el-group'><div class=\"ff-el-input--label ff-el-is-required asterisk-right\"><label   aria-label=\"Weshalb ist der aktuelle Kurs nicht interessant f\u00fcr dich?\">Weshalb ist der aktuelle Kurs nicht interessant f\u00fcr dich?<\/label><\/div><div class='ff-el-input--content'><div class='ff-el-form-check ff-el-form-check-'><label class='ff-el-form-check-label' for='input_radio_c0582008dab77a6ac7b825a68f6270ce'><input  type=\"radio\" name=\"input_radio\" data-name=\"input_radio\" class=\"ff-el-form-check-input ff-el-form-check-radio\" value=\"Nicht arbeitslos\"  id='input_radio_c0582008dab77a6ac7b825a68f6270ce' aria-label='Ich bin nicht arbeitslos' aria-invalid='false' aria-required=\"true\"> <span>Ich bin nicht arbeitslos<\/span><\/label><\/div><div class='ff-el-form-check ff-el-form-check-'><label class='ff-el-form-check-label' for='input_radio_bda2876a9af4533cd4c0c1f0f5ebde4b'><input  type=\"radio\" name=\"input_radio\" data-name=\"input_radio\" class=\"ff-el-form-check-input ff-el-form-check-radio\" value=\"Spaeter wieder interessant\"  id='input_radio_bda2876a9af4533cd4c0c1f0f5ebde4b' aria-label='Aktuell passt es nicht' aria-invalid='false' aria-required=\"true\"> <span>Aktuell passt es nicht<\/span><\/label><\/div><div class='ff-el-form-check ff-el-form-check-'><label class='ff-el-form-check-label' for='input_radio_49452f37caa5165e54434008bd5fcb3a'><input  type=\"radio\" name=\"input_radio\" data-name=\"input_radio\" class=\"ff-el-form-check-input ff-el-form-check-radio\" value=\"AV - generelle Ablehnung\"  id='input_radio_49452f37caa5165e54434008bd5fcb3a' aria-label='Meine Arbeitsvermittlung lehnt eine Weiterbildung ab' aria-invalid='false' aria-required=\"true\"> <span>Meine Arbeitsvermittlung lehnt eine Weiterbildung ab<\/span><\/label><\/div><div class='ff-el-form-check ff-el-form-check-'><label class='ff-el-form-check-label' for='input_radio_1ab41d29d3a4f66a5ce68b79aa226682'><input  type=\"radio\" name=\"input_radio\" data-name=\"input_radio\" class=\"ff-el-form-check-input ff-el-form-check-radio\" value=\"Kein Interesse mehr\"  id='input_radio_1ab41d29d3a4f66a5ce68b79aa226682' aria-label='Ich interessiere mich nicht f\u00fcr die Kurse der Impact School' aria-invalid='false' aria-required=\"true\"> <span>Ich interessiere mich nicht f\u00fcr die Kurse der Impact School<\/span><\/label><\/div><\/div><\/div><div class='ff-el-group'><div class=\"ff-el-input--label ff-el-is-required asterisk-right\"><label for='ff_8_email' id='label_ff_8_email' aria-label=\"e-posta\">e-posta<\/label><\/div><div class='ff-el-input--content'><input type=\"email\" name=\"email\" value=\"\" id=\"ff_8_email\" class=\"ff-el-form-control\" placeholder=\"E-Mail-Adresse, unter der du unsere E-Mail erhalten hast.\" data-name=\"email\"  aria-invalid=\"false\" aria-required=\"true\"><\/div><\/div><div class='ff-el-group    ff-el-input--content'><div class='ff-el-form-check ff-el-tc'><label aria-label='Bu web sitesinin iste\u011fime yan\u0131t verebilmek i\u00e7in g\u00f6nderdi\u011fim bilgileri saklamas\u0131na izin veriyorum.' class='ff-el-form-check-label ff_tc_label' for=\"gdpr-agreement_7ae95cc46e56e4b06937092fc629d66d\"><span class='ff_tc_checkbox'><input type=\"checkbox\" name=\"gdpr-agreement\" class=\"ff-el-form-check-input ff_gdpr_field\" data-name=\"gdpr-agreement\" id=\"gdpr-agreement_7ae95cc46e56e4b06937092fc629d66d\"  value='on' aria-invalid='false' aria-required=\"true\"><\/span> <div class='ff_t_c'>Bu web sitesinin iste\u011fime yan\u0131t verebilmek i\u00e7in g\u00f6nderdi\u011fim bilgileri saklamas\u0131na izin veriyorum.<\/div><\/label><\/div><\/div><div class='ff-el-group ff-text-left ff_submit_btn_wrapper ff_submit_btn_wrapper_custom'><button class=\"ff-btn ff-btn-submit ff-btn-md ff_btn_style wpf_has_custom_css\" type=\"submit\" name=\"custom_submit_button-8_1\" data-name=\"custom_submit_button-8_1\"  aria-label=\"Ich m\u00f6chte f\u00fcr den aktuellen Kurs nicht ber\u00fccksichtigt werden\">Ich m\u00f6chte f\u00fcr den aktuellen Kurs nicht ber\u00fccksichtigt werden<\/button><style>form.fluent_form_8 .wpf_has_custom_css.ff-btn-submit { background-color:rgba(203, 255, 172, 1);border-color:rgba(203, 255, 172, 1);color:rgba(0, 0, 0, 1);min-width:100%; }form.fluent_form_8 .wpf_has_custom_css.ff-btn-submit:hover { background-color:#ffffff;border-color:rgba(255, 0, 0, 1);color:rgba(255, 0, 0, 1);min-width:100%; } <\/style><\/div><\/fieldset><input type=\"hidden\" name=\"trp-form-language\" value=\"tr\"\/><\/form><div id='fluentform_8_errors' class='ff-errors-in-stack ff_form_instance_8_1 ff-form-loading_errors ff_form_instance_8_1_errors'><\/div><\/div>            <script type=\"text\/javascript\">\n                window.fluent_form_ff_form_instance_8_1 = {\"id\":\"8\",\"settings\":{\"layout\":{\"labelPlacement\":\"top\",\"asteriskPlacement\":\"asterisk-right\",\"helpMessagePlacement\":\"with_label\",\"errorMessagePlacement\":\"inline\",\"cssClassName\":\"\"},\"restrictions\":{\"denyEmptySubmission\":{\"enabled\":false}}},\"form_instance\":\"ff_form_instance_8_1\",\"form_id_selector\":\"fluentform_8\",\"rules\":{\"input_radio\":{\"required\":{\"value\":true,\"message\":\"Dieses Feld ist erforderlich\",\"global_message\":\"Dieses Feld ist erforderlich\",\"global\":true}},\"email\":{\"required\":{\"value\":true,\"message\":\"Dieses Feld ist erforderlich\",\"global_message\":\"Dieses Feld ist erforderlich\",\"global\":true},\"email\":{\"value\":true,\"message\":\"Dieses Feld muss eine g\\u00fcltige E-Mail-Adresse enthalten\",\"global_message\":\"Dieses Feld muss eine g\\u00fcltige E-Mail-Adresse enthalten\",\"global\":true}},\"gdpr-agreement\":{\"required\":{\"value\":true,\"message\":\"Dieses Feld ist erforderlich\",\"global_message\":\"Dieses Feld ist erforderlich\",\"global\":true}}},\"debounce_time\":300};\n                            <\/script>\n                        <\/div>\n\n            \t\t\t\t<\/div>\n\t\t\t\t<\/div>\n\t\t\t\t\t<\/div>\n\t\t\t\t<\/div>\n\t\t\t\t<\/div>","protected":false},"excerpt":{"rendered":"<p>Kein Interesse an aktuellen Kursen Damit wir dich f\u00fcr die aktuellen Kurse vorerst nicht mehr kontaktieren, gib hier bitte nochmal zum Abgleich deine E-Mail-Adresse ein, unter der du unsere E-Mail erhalten hast. Abmeldung | N\u00e4chster Kurs Weshalb ist der aktuelle Kurs nicht interessant f\u00fcr dich? Ich bin nicht arbeitslos Aktuell passt es nicht Meine Arbeitsvermittlung [&hellip;]<\/p>\n","protected":false},"author":2,"featured_media":0,"parent":0,"menu_order":0,"comment_status":"closed","ping_status":"closed","template":"","meta":{"_acf_changed":false,"footnotes":""},"class_list":["post-1456","page","type-page","status-publish","hentry"],"acf":[],"yoast_head":"<!-- This site is optimized with the Yoast SEO plugin v27.4 - https:\/\/yoast.com\/product\/yoast-seo-wordpress\/ -->\n<title>Kein Interesse an aktuellen Kursen - SIS Social Impact School GmbH<\/title>\n<meta name=\"robots\" content=\"index, follow, max-snippet:-1, max-image-preview:large, max-video-preview:-1\" \/>\n<link rel=\"canonical\" href=\"https:\/\/impactschool.de\/tr\/form-abmeldung\/\" \/>\n<meta property=\"og:locale\" content=\"tr_TR\" \/>\n<meta property=\"og:type\" content=\"article\" \/>\n<meta property=\"og:title\" content=\"Kein Interesse an aktuellen Kursen - SIS Social Impact School GmbH\" \/>\n<meta property=\"og:description\" content=\"Kein Interesse an aktuellen Kursen Damit wir dich f\u00fcr die aktuellen Kurse vorerst nicht mehr kontaktieren, gib hier bitte nochmal zum Abgleich deine E-Mail-Adresse ein, unter der du unsere E-Mail erhalten hast. Abmeldung | N\u00e4chster Kurs Weshalb ist der aktuelle Kurs nicht interessant f\u00fcr dich? Ich bin nicht arbeitslos Aktuell passt es nicht Meine Arbeitsvermittlung [&hellip;]\" \/>\n<meta property=\"og:url\" content=\"https:\/\/impactschool.de\/tr\/form-abmeldung\/\" \/>\n<meta property=\"og:site_name\" content=\"SIS Social Impact School GmbH\" \/>\n<meta property=\"article:modified_time\" content=\"2026-03-09T08:54:47+00:00\" \/>\n<meta name=\"twitter:card\" content=\"summary_large_image\" \/>\n<meta name=\"twitter:label1\" content=\"Tahmini okuma s\u00fcresi\" \/>\n\t<meta name=\"twitter:data1\" content=\"1 dakika\" \/>\n<script type=\"application\/ld+json\" class=\"yoast-schema-graph\">{\"@context\":\"https:\\\/\\\/schema.org\",\"@graph\":[{\"@type\":\"WebPage\",\"@id\":\"https:\\\/\\\/impactschool.de\\\/form-abmeldung\\\/\",\"url\":\"https:\\\/\\\/impactschool.de\\\/form-abmeldung\\\/\",\"name\":\"Kein Interesse an aktuellen Kursen - SIS Social Impact School GmbH\",\"isPartOf\":{\"@id\":\"https:\\\/\\\/impactschool.de\\\/en\\\/#website\"},\"datePublished\":\"2026-03-09T08:49:50+00:00\",\"dateModified\":\"2026-03-09T08:54:47+00:00\",\"breadcrumb\":{\"@id\":\"https:\\\/\\\/impactschool.de\\\/form-abmeldung\\\/#breadcrumb\"},\"inLanguage\":\"tr\",\"potentialAction\":[{\"@type\":\"ReadAction\",\"target\":[\"https:\\\/\\\/impactschool.de\\\/form-abmeldung\\\/\"]}]},{\"@type\":\"BreadcrumbList\",\"@id\":\"https:\\\/\\\/impactschool.de\\\/form-abmeldung\\\/#breadcrumb\",\"itemListElement\":[{\"@type\":\"ListItem\",\"position\":1,\"name\":\"Home\",\"item\":\"https:\\\/\\\/impactschool.de\\\/\"},{\"@type\":\"ListItem\",\"position\":2,\"name\":\"Kein Interesse an aktuellen Kursen\"}]},{\"@type\":\"WebSite\",\"@id\":\"https:\\\/\\\/impactschool.de\\\/en\\\/#website\",\"url\":\"https:\\\/\\\/impactschool.de\\\/en\\\/\",\"name\":\"SIS Social Impact School GmbH\",\"description\":\"SIS Social Impact School GmbH\",\"publisher\":{\"@id\":\"https:\\\/\\\/impactschool.de\\\/en\\\/#organization\"},\"potentialAction\":[{\"@type\":\"SearchAction\",\"target\":{\"@type\":\"EntryPoint\",\"urlTemplate\":\"https:\\\/\\\/impactschool.de\\\/en\\\/?s={search_term_string}\"},\"query-input\":{\"@type\":\"PropertyValueSpecification\",\"valueRequired\":true,\"valueName\":\"search_term_string\"}}],\"inLanguage\":\"tr\"},{\"@type\":\"Organization\",\"@id\":\"https:\\\/\\\/impactschool.de\\\/en\\\/#organization\",\"name\":\"SIS Social Impact School GmbH\",\"url\":\"https:\\\/\\\/impactschool.de\\\/en\\\/\",\"logo\":{\"@type\":\"ImageObject\",\"inLanguage\":\"tr\",\"@id\":\"https:\\\/\\\/impactschool.de\\\/en\\\/#\\\/schema\\\/logo\\\/image\\\/\",\"url\":\"https:\\\/\\\/impactschool.de\\\/wp-content\\\/uploads\\\/2026\\\/03\\\/Impact-School-Logo.png\",\"contentUrl\":\"https:\\\/\\\/impactschool.de\\\/wp-content\\\/uploads\\\/2026\\\/03\\\/Impact-School-Logo.png\",\"width\":1300,\"height\":1300,\"caption\":\"SIS Social Impact School GmbH\"},\"image\":{\"@id\":\"https:\\\/\\\/impactschool.de\\\/en\\\/#\\\/schema\\\/logo\\\/image\\\/\"},\"sameAs\":[\"https:\\\/\\\/de.linkedin.com\\\/company\\\/social-impact-school\",\"https:\\\/\\\/www.instagram.com\\\/impactschool.de\"]}]}<\/script>\n<!-- \/ Yoast SEO plugin. -->","yoast_head_json":{"title":"Kein Interesse an aktuellen Kursen - SIS Social Impact School GmbH","robots":{"index":"index","follow":"follow","max-snippet":"max-snippet:-1","max-image-preview":"max-image-preview:large","max-video-preview":"max-video-preview:-1"},"canonical":"https:\/\/impactschool.de\/tr\/form-abmeldung\/","og_locale":"tr_TR","og_type":"article","og_title":"Kein Interesse an aktuellen Kursen - SIS Social Impact School GmbH","og_description":"Kein Interesse an aktuellen Kursen Damit wir dich f\u00fcr die aktuellen Kurse vorerst nicht mehr kontaktieren, gib hier bitte nochmal zum Abgleich deine E-Mail-Adresse ein, unter der du unsere E-Mail erhalten hast. Abmeldung | N\u00e4chster Kurs Weshalb ist der aktuelle Kurs nicht interessant f\u00fcr dich? Ich bin nicht arbeitslos Aktuell passt es nicht Meine Arbeitsvermittlung [&hellip;]","og_url":"https:\/\/impactschool.de\/tr\/form-abmeldung\/","og_site_name":"SIS Social Impact School GmbH","article_modified_time":"2026-03-09T08:54:47+00:00","twitter_card":"summary_large_image","twitter_misc":{"Tahmini okuma s\u00fcresi":"1 dakika"},"schema":{"@context":"https:\/\/schema.org","@graph":[{"@type":"WebPage","@id":"https:\/\/impactschool.de\/form-abmeldung\/","url":"https:\/\/impactschool.de\/form-abmeldung\/","name":"Kein Interesse an aktuellen Kursen - SIS Social Impact School GmbH","isPartOf":{"@id":"https:\/\/impactschool.de\/en\/#website"},"datePublished":"2026-03-09T08:49:50+00:00","dateModified":"2026-03-09T08:54:47+00:00","breadcrumb":{"@id":"https:\/\/impactschool.de\/form-abmeldung\/#breadcrumb"},"inLanguage":"tr","potentialAction":[{"@type":"ReadAction","target":["https:\/\/impactschool.de\/form-abmeldung\/"]}]},{"@type":"BreadcrumbList","@id":"https:\/\/impactschool.de\/form-abmeldung\/#breadcrumb","itemListElement":[{"@type":"ListItem","position":1,"name":"Home","item":"https:\/\/impactschool.de\/"},{"@type":"ListItem","position":2,"name":"Kein Interesse an aktuellen Kursen"}]},{"@type":"WebSite","@id":"https:\/\/impactschool.de\/en\/#website","url":"https:\/\/impactschool.de\/en\/","name":"SIS Social Impact School GmbH","description":"SIS Social Impact School GmbH","publisher":{"@id":"https:\/\/impactschool.de\/en\/#organization"},"potentialAction":[{"@type":"SearchAction","target":{"@type":"EntryPoint","urlTemplate":"https:\/\/impactschool.de\/en\/?s={search_term_string}"},"query-input":{"@type":"PropertyValueSpecification","valueRequired":true,"valueName":"search_term_string"}}],"inLanguage":"tr"},{"@type":"Organization","@id":"https:\/\/impactschool.de\/en\/#organization","name":"SIS Social Impact School GmbH","url":"https:\/\/impactschool.de\/en\/","logo":{"@type":"ImageObject","inLanguage":"tr","@id":"https:\/\/impactschool.de\/en\/#\/schema\/logo\/image\/","url":"https:\/\/impactschool.de\/wp-content\/uploads\/2026\/03\/Impact-School-Logo.png","contentUrl":"https:\/\/impactschool.de\/wp-content\/uploads\/2026\/03\/Impact-School-Logo.png","width":1300,"height":1300,"caption":"SIS Social Impact School GmbH"},"image":{"@id":"https:\/\/impactschool.de\/en\/#\/schema\/logo\/image\/"},"sameAs":["https:\/\/de.linkedin.com\/company\/social-impact-school","https:\/\/www.instagram.com\/impactschool.de"]}]}},"_hostinger_reach_plugin_has_subscription_block":false,"_hostinger_reach_plugin_is_elementor":false,"_links":{"self":[{"href":"https:\/\/impactschool.de\/tr\/wp-json\/wp\/v2\/pages\/1456","targetHints":{"allow":["GET"]}}],"collection":[{"href":"https:\/\/impactschool.de\/tr\/wp-json\/wp\/v2\/pages"}],"about":[{"href":"https:\/\/impactschool.de\/tr\/wp-json\/wp\/v2\/types\/page"}],"author":[{"embeddable":true,"href":"https:\/\/impactschool.de\/tr\/wp-json\/wp\/v2\/users\/2"}],"replies":[{"embeddable":true,"href":"https:\/\/impactschool.de\/tr\/wp-json\/wp\/v2\/comments?post=1456"}],"version-history":[{"count":7,"href":"https:\/\/impactschool.de\/tr\/wp-json\/wp\/v2\/pages\/1456\/revisions"}],"predecessor-version":[{"id":1463,"href":"https:\/\/impactschool.de\/tr\/wp-json\/wp\/v2\/pages\/1456\/revisions\/1463"}],"wp:attachment":[{"href":"https:\/\/impactschool.de\/tr\/wp-json\/wp\/v2\/media?parent=1456"}],"curies":[{"name":"wp","href":"https:\/\/api.w.org\/{rel}","templated":true}]}}