{"id":190,"date":"2026-02-09T14:38:02","date_gmt":"2026-02-09T12:38:02","guid":{"rendered":"https:\/\/impactschool.de\/?page_id=190"},"modified":"2026-02-09T14:38:47","modified_gmt":"2026-02-09T12:38:47","slug":"impressum","status":"publish","type":"page","link":"https:\/\/impactschool.de\/tr\/impressum\/","title":{"rendered":"K\u00fcnye"},"content":{"rendered":"<div data-elementor-type=\"wp-page\" data-elementor-id=\"190\" class=\"elementor elementor-190\" data-elementor-post-type=\"page\">\n\t\t\t\t<div class=\"elementor-element elementor-element-3a389fd e-flex e-con-boxed e-con e-parent\" data-id=\"3a389fd\" data-element_type=\"container\" data-e-type=\"container\">\n\t\t\t\t\t<div class=\"e-con-inner\">\n\t\t\t\t<div class=\"elementor-element elementor-element-6b967d8 elementor-widget elementor-widget-heading\" data-id=\"6b967d8\" data-element_type=\"widget\" data-e-type=\"widget\" data-widget_type=\"heading.default\">\n\t\t\t\t<div class=\"elementor-widget-container\">\n\t\t\t\t\t<h2 class=\"elementor-heading-title elementor-size-default\">K\u00fcnye<\/h2>\t\t\t\t<\/div>\n\t\t\t\t<\/div>\n\t\t\t\t<div class=\"elementor-element elementor-element-1b7c64d elementor-widget elementor-widget-text-editor\" data-id=\"1b7c64d\" data-element_type=\"widget\" data-e-type=\"widget\" data-widget_type=\"text-editor.default\">\n\t\t\t\t<div class=\"elementor-widget-container\">\n\t\t\t\t\t\t\t\t\t<div id=\"div_block-4-354\" class=\"ct-div-block hero section\"><div id=\"div_block-5-354\" class=\"ct-div-block container\"><div id=\"div_block-9-354\" class=\"ct-div-block legal\"><div id=\"div_block-10-354\" class=\"ct-div-block legal-wrapper\"><div id=\"div_block-11-354\" class=\"ct-div-block margin-30px\"><div id=\"text_block-14-354\" class=\"ct-text-block\"><p><b>TMG Madde 5 uyar\u0131nca bilgiler<\/b><\/p><p>SIS Social Impact School GmbH<br \/>Klemberg 36a\u200d \u00fczerinde<br \/>50999 K\u00f6ln\u200d<br \/>Almanya<\/p><p>Ticaret sicili: HRB 120203\u200d<br \/>Kay\u0131t mahkemesi: K\u00f6ln Yerel Mahkemesi<\/p><p><b>Temsilci:<br \/><\/b>Milena Pfl\u00fcgl\u200d (Genel M\u00fcd\u00fcr)<\/p><p><b>Bize ula\u015f\u0131n<br \/><\/b>Telefon: +49 2236 3212232<br \/>E-posta: hallo@impactschool.de<\/p><p><b>Sat\u0131\u015f vergisi kimli\u011fi<br \/><\/b>\u00a7 27 a sat\u0131\u015f vergisi yasas\u0131na g\u00f6re sat\u0131\u015f vergisi kimlik numaras\u0131:<br \/>DE370218386<\/p><p><b>Vergi no:<br \/><\/b>2219\/5834\/5513<\/p><p><b>Editoryal olarak sorumlu<br \/><\/b>Milena Pfl\u00fcgl\u200d<\/p><p><b>AB uyu\u015fmazl\u0131k \u00e7\u00f6z\u00fcm\u00fc<br \/><\/b>Avrupa Komisyonu, \u00e7evrimi\u00e7i uyu\u015fmazl\u0131k \u00e7\u00f6z\u00fcm\u00fc (OS) i\u00e7in bir platform sa\u011flamaktad\u0131r:<br \/>https:\/\/ec.europa.eu\/consumers\/odr\/.<\/p><p>E-posta adresimizi yukar\u0131daki yasal bildirimde bulabilirsiniz.<\/p><p><b>Verbraucherstreitbeilegung\/Universalschlichtungsstelle<br \/><\/b>Bir mahkeme \u00f6n\u00fcnde uyu\u015fmazl\u0131k \u00e7\u00f6z\u00fcm i\u015flemlerine kat\u0131lmaya istekli veya y\u00fck\u00fcml\u00fc de\u011filiz<br \/>t\u00fcketi\u0307ci\u0307 hakem heyeti\u0307.<\/p><p><strong>Sorumluluk reddi:<br \/><\/strong>Web sitemizdeki harici ba\u011flant\u0131lar\u0131 ilk ba\u011fland\u0131klar\u0131nda kontrol ettik, ancak herhangi bir yasad\u0131\u015f\u0131 i\u00e7erik tespit edemedik. Ba\u011flant\u0131l\u0131 sayfalar\u0131n mevcut ve gelecekteki tasar\u0131m\u0131 \u00fczerinde hi\u00e7bir etkimiz yoktur. Herhangi bir yasal ihlalden haberdar olmam\u0131z halinde, ilgili ba\u011flant\u0131lar\u0131 derhal kald\u0131raca\u011f\u0131z.<\/p><p>Avrupa Komisyonu, bir Avrupa \u00e7evrimi\u00e7i uyu\u015fmazl\u0131k \u00e7\u00f6z\u00fcm platformu (\u201eODR platformu\u201c) sa\u011flamal\u0131d\u0131r. ODR platformuna internet \u00fczerinden a\u015fa\u011f\u0131daki adresten ula\u015f\u0131labilir <a href=\"http:\/\/ec.europa.eu\/consumers\/odr\/\" target=\"_blank\" rel=\"noopener\">http:\/\/ec.europa.eu\/consumers\/odr\/<\/a> geri al\u0131nabilir.<\/p><\/div><\/div><\/div><\/div><\/div><\/div>\t\t\t\t\t\t\t\t<\/div>\n\t\t\t\t<\/div>\n\t\t\t\t\t<\/div>\n\t\t\t\t<\/div>\n\t\t\t\t<\/div>","protected":false},"excerpt":{"rendered":"<p>Impressum Angaben gem\u00e4\u00df \u00a7 5 TMG SIS Social Impact School GmbHAuf dem Klemberg 36a\u200d50999 K\u00f6ln\u200dGermany Handelsregister: HRB 120203\u200dRegistergericht: Amtsgericht K\u00f6ln Vertreten durch:Milena Pfl\u00fcgl\u200d (Gesch\u00e4ftsf\u00fchrerin) KontaktTelefon: +49 2236 3212232E-Mail: hallo@impactschool.de Umsatzsteuer-IDUmsatzsteuer-Identifikationsnummer gem\u00e4\u00df \u00a7 27 a Umsatzsteuergesetz:DE370218386 Steuer Nr.:2219\/5834\/5513 Redaktionell verantwortlichMilena Pfl\u00fcgl\u200d EU-StreitschlichtungDie Europ\u00e4ische Kommission stellt eine Plattform zur Online-Streitbeilegung (OS) bereit:https:\/\/ec.europa.eu\/consumers\/odr\/. Unsere E-Mail-Adresse finden Sie oben [&hellip;]<\/p>\n","protected":false},"author":2,"featured_media":0,"parent":0,"menu_order":0,"comment_status":"closed","ping_status":"closed","template":"","meta":{"_acf_changed":false,"footnotes":""},"class_list":["post-190","page","type-page","status-publish","hentry"],"acf":[],"yoast_head":"<!-- This site is optimized with the Yoast SEO plugin v27.4 - https:\/\/yoast.com\/product\/yoast-seo-wordpress\/ -->\n<title>Impressum - SIS Social Impact School GmbH<\/title>\n<meta name=\"robots\" content=\"index, follow, max-snippet:-1, max-image-preview:large, max-video-preview:-1\" \/>\n<link rel=\"canonical\" href=\"https:\/\/impactschool.de\/tr\/impressum\/\" \/>\n<meta property=\"og:locale\" content=\"tr_TR\" \/>\n<meta property=\"og:type\" content=\"article\" \/>\n<meta property=\"og:title\" content=\"Impressum - SIS Social Impact School GmbH\" \/>\n<meta property=\"og:description\" content=\"Impressum Angaben gem\u00e4\u00df \u00a7 5 TMG SIS Social Impact School GmbHAuf dem Klemberg 36a\u200d50999 K\u00f6ln\u200dGermany Handelsregister: HRB 120203\u200dRegistergericht: Amtsgericht K\u00f6ln Vertreten durch:Milena Pfl\u00fcgl\u200d (Gesch\u00e4ftsf\u00fchrerin) KontaktTelefon: +49 2236 3212232E-Mail: hallo@impactschool.de Umsatzsteuer-IDUmsatzsteuer-Identifikationsnummer gem\u00e4\u00df \u00a7 27 a Umsatzsteuergesetz:DE370218386 Steuer Nr.:2219\/5834\/5513 Redaktionell verantwortlichMilena Pfl\u00fcgl\u200d EU-StreitschlichtungDie Europ\u00e4ische Kommission stellt eine Plattform zur Online-Streitbeilegung (OS) bereit:https:\/\/ec.europa.eu\/consumers\/odr\/. Unsere E-Mail-Adresse finden Sie oben [&hellip;]\" \/>\n<meta property=\"og:url\" content=\"https:\/\/impactschool.de\/tr\/impressum\/\" \/>\n<meta property=\"og:site_name\" content=\"SIS Social Impact School GmbH\" \/>\n<meta property=\"article:modified_time\" content=\"2026-02-09T12:38:47+00:00\" \/>\n<meta name=\"twitter:card\" content=\"summary_large_image\" \/>\n<meta name=\"twitter:label1\" content=\"Tahmini okuma s\u00fcresi\" \/>\n\t<meta name=\"twitter:data1\" content=\"1 dakika\" \/>\n<script type=\"application\/ld+json\" class=\"yoast-schema-graph\">{\"@context\":\"https:\\\/\\\/schema.org\",\"@graph\":[{\"@type\":\"WebPage\",\"@id\":\"https:\\\/\\\/impactschool.de\\\/impressum\\\/\",\"url\":\"https:\\\/\\\/impactschool.de\\\/impressum\\\/\",\"name\":\"Impressum - SIS Social Impact School GmbH\",\"isPartOf\":{\"@id\":\"https:\\\/\\\/impactschool.de\\\/en\\\/#website\"},\"datePublished\":\"2026-02-09T12:38:02+00:00\",\"dateModified\":\"2026-02-09T12:38:47+00:00\",\"breadcrumb\":{\"@id\":\"https:\\\/\\\/impactschool.de\\\/impressum\\\/#breadcrumb\"},\"inLanguage\":\"tr\",\"potentialAction\":[{\"@type\":\"ReadAction\",\"target\":[\"https:\\\/\\\/impactschool.de\\\/impressum\\\/\"]}]},{\"@type\":\"BreadcrumbList\",\"@id\":\"https:\\\/\\\/impactschool.de\\\/impressum\\\/#breadcrumb\",\"itemListElement\":[{\"@type\":\"ListItem\",\"position\":1,\"name\":\"Home\",\"item\":\"https:\\\/\\\/impactschool.de\\\/\"},{\"@type\":\"ListItem\",\"position\":2,\"name\":\"Impressum\"}]},{\"@type\":\"WebSite\",\"@id\":\"https:\\\/\\\/impactschool.de\\\/en\\\/#website\",\"url\":\"https:\\\/\\\/impactschool.de\\\/en\\\/\",\"name\":\"SIS Social Impact School GmbH\",\"description\":\"SIS Social Impact School GmbH\",\"publisher\":{\"@id\":\"https:\\\/\\\/impactschool.de\\\/en\\\/#organization\"},\"potentialAction\":[{\"@type\":\"SearchAction\",\"target\":{\"@type\":\"EntryPoint\",\"urlTemplate\":\"https:\\\/\\\/impactschool.de\\\/en\\\/?s={search_term_string}\"},\"query-input\":{\"@type\":\"PropertyValueSpecification\",\"valueRequired\":true,\"valueName\":\"search_term_string\"}}],\"inLanguage\":\"tr\"},{\"@type\":\"Organization\",\"@id\":\"https:\\\/\\\/impactschool.de\\\/en\\\/#organization\",\"name\":\"SIS Social Impact School GmbH\",\"url\":\"https:\\\/\\\/impactschool.de\\\/en\\\/\",\"logo\":{\"@type\":\"ImageObject\",\"inLanguage\":\"tr\",\"@id\":\"https:\\\/\\\/impactschool.de\\\/en\\\/#\\\/schema\\\/logo\\\/image\\\/\",\"url\":\"https:\\\/\\\/impactschool.de\\\/wp-content\\\/uploads\\\/2026\\\/03\\\/Impact-School-Logo.png\",\"contentUrl\":\"https:\\\/\\\/impactschool.de\\\/wp-content\\\/uploads\\\/2026\\\/03\\\/Impact-School-Logo.png\",\"width\":1300,\"height\":1300,\"caption\":\"SIS Social Impact School GmbH\"},\"image\":{\"@id\":\"https:\\\/\\\/impactschool.de\\\/en\\\/#\\\/schema\\\/logo\\\/image\\\/\"},\"sameAs\":[\"https:\\\/\\\/de.linkedin.com\\\/company\\\/social-impact-school\",\"https:\\\/\\\/www.instagram.com\\\/impactschool.de\"]}]}<\/script>\n<!-- \/ Yoast SEO plugin. -->","yoast_head_json":{"title":"Impressum - SIS Social Impact School GmbH","robots":{"index":"index","follow":"follow","max-snippet":"max-snippet:-1","max-image-preview":"max-image-preview:large","max-video-preview":"max-video-preview:-1"},"canonical":"https:\/\/impactschool.de\/tr\/impressum\/","og_locale":"tr_TR","og_type":"article","og_title":"Impressum - SIS Social Impact School GmbH","og_description":"Impressum Angaben gem\u00e4\u00df \u00a7 5 TMG SIS Social Impact School GmbHAuf dem Klemberg 36a\u200d50999 K\u00f6ln\u200dGermany Handelsregister: HRB 120203\u200dRegistergericht: Amtsgericht K\u00f6ln Vertreten durch:Milena Pfl\u00fcgl\u200d (Gesch\u00e4ftsf\u00fchrerin) KontaktTelefon: +49 2236 3212232E-Mail: hallo@impactschool.de Umsatzsteuer-IDUmsatzsteuer-Identifikationsnummer gem\u00e4\u00df \u00a7 27 a Umsatzsteuergesetz:DE370218386 Steuer Nr.:2219\/5834\/5513 Redaktionell verantwortlichMilena Pfl\u00fcgl\u200d EU-StreitschlichtungDie Europ\u00e4ische Kommission stellt eine Plattform zur Online-Streitbeilegung (OS) bereit:https:\/\/ec.europa.eu\/consumers\/odr\/. Unsere E-Mail-Adresse finden Sie oben [&hellip;]","og_url":"https:\/\/impactschool.de\/tr\/impressum\/","og_site_name":"SIS Social Impact School GmbH","article_modified_time":"2026-02-09T12:38:47+00:00","twitter_card":"summary_large_image","twitter_misc":{"Tahmini okuma s\u00fcresi":"1 dakika"},"schema":{"@context":"https:\/\/schema.org","@graph":[{"@type":"WebPage","@id":"https:\/\/impactschool.de\/impressum\/","url":"https:\/\/impactschool.de\/impressum\/","name":"Impressum - SIS Social Impact School GmbH","isPartOf":{"@id":"https:\/\/impactschool.de\/en\/#website"},"datePublished":"2026-02-09T12:38:02+00:00","dateModified":"2026-02-09T12:38:47+00:00","breadcrumb":{"@id":"https:\/\/impactschool.de\/impressum\/#breadcrumb"},"inLanguage":"tr","potentialAction":[{"@type":"ReadAction","target":["https:\/\/impactschool.de\/impressum\/"]}]},{"@type":"BreadcrumbList","@id":"https:\/\/impactschool.de\/impressum\/#breadcrumb","itemListElement":[{"@type":"ListItem","position":1,"name":"Home","item":"https:\/\/impactschool.de\/"},{"@type":"ListItem","position":2,"name":"Impressum"}]},{"@type":"WebSite","@id":"https:\/\/impactschool.de\/en\/#website","url":"https:\/\/impactschool.de\/en\/","name":"SIS Social Impact School GmbH","description":"SIS Social Impact School GmbH","publisher":{"@id":"https:\/\/impactschool.de\/en\/#organization"},"potentialAction":[{"@type":"SearchAction","target":{"@type":"EntryPoint","urlTemplate":"https:\/\/impactschool.de\/en\/?s={search_term_string}"},"query-input":{"@type":"PropertyValueSpecification","valueRequired":true,"valueName":"search_term_string"}}],"inLanguage":"tr"},{"@type":"Organization","@id":"https:\/\/impactschool.de\/en\/#organization","name":"SIS Social Impact School GmbH","url":"https:\/\/impactschool.de\/en\/","logo":{"@type":"ImageObject","inLanguage":"tr","@id":"https:\/\/impactschool.de\/en\/#\/schema\/logo\/image\/","url":"https:\/\/impactschool.de\/wp-content\/uploads\/2026\/03\/Impact-School-Logo.png","contentUrl":"https:\/\/impactschool.de\/wp-content\/uploads\/2026\/03\/Impact-School-Logo.png","width":1300,"height":1300,"caption":"SIS Social Impact School GmbH"},"image":{"@id":"https:\/\/impactschool.de\/en\/#\/schema\/logo\/image\/"},"sameAs":["https:\/\/de.linkedin.com\/company\/social-impact-school","https:\/\/www.instagram.com\/impactschool.de"]}]}},"_hostinger_reach_plugin_has_subscription_block":false,"_hostinger_reach_plugin_is_elementor":false,"_links":{"self":[{"href":"https:\/\/impactschool.de\/tr\/wp-json\/wp\/v2\/pages\/190","targetHints":{"allow":["GET"]}}],"collection":[{"href":"https:\/\/impactschool.de\/tr\/wp-json\/wp\/v2\/pages"}],"about":[{"href":"https:\/\/impactschool.de\/tr\/wp-json\/wp\/v2\/types\/page"}],"author":[{"embeddable":true,"href":"https:\/\/impactschool.de\/tr\/wp-json\/wp\/v2\/users\/2"}],"replies":[{"embeddable":true,"href":"https:\/\/impactschool.de\/tr\/wp-json\/wp\/v2\/comments?post=190"}],"version-history":[{"count":4,"href":"https:\/\/impactschool.de\/tr\/wp-json\/wp\/v2\/pages\/190\/revisions"}],"predecessor-version":[{"id":194,"href":"https:\/\/impactschool.de\/tr\/wp-json\/wp\/v2\/pages\/190\/revisions\/194"}],"wp:attachment":[{"href":"https:\/\/impactschool.de\/tr\/wp-json\/wp\/v2\/media?parent=190"}],"curies":[{"name":"wp","href":"https:\/\/api.w.org\/{rel}","templated":true}]}}