{"id":200,"date":"2026-02-09T14:41:59","date_gmt":"2026-02-09T12:41:59","guid":{"rendered":"https:\/\/impactschool.de\/?page_id=200"},"modified":"2026-03-03T16:00:06","modified_gmt":"2026-03-03T14:00:06","slug":"werde-partner","status":"publish","type":"page","link":"https:\/\/impactschool.de\/tr\/werde-partner\/","title":{"rendered":"Werde Partner"},"content":{"rendered":"<div data-elementor-type=\"wp-page\" data-elementor-id=\"200\" class=\"elementor elementor-200\" data-elementor-post-type=\"page\">\n\t\t\t\t<div class=\"elementor-element elementor-element-9f35e94 e-grid e-con-boxed e-con e-parent\" data-id=\"9f35e94\" data-element_type=\"container\" data-e-type=\"container\">\n\t\t\t\t\t<div class=\"e-con-inner\">\n\t\t<div class=\"elementor-element elementor-element-12e25e4 e-con-full e-flex e-con e-child\" data-id=\"12e25e4\" data-element_type=\"container\" data-e-type=\"container\">\n\t\t\t\t<div class=\"elementor-element elementor-element-183f561 elementor-widget elementor-widget-heading\" data-id=\"183f561\" data-element_type=\"widget\" data-e-type=\"widget\" data-widget_type=\"heading.default\">\n\t\t\t\t<div class=\"elementor-widget-container\">\n\t\t\t\t\t<h1 class=\"elementor-heading-title elementor-size-default\">Etki Okulu Orta\u011f\u0131 Olun<\/h1>\t\t\t\t<\/div>\n\t\t\t\t<\/div>\n\t\t<div class=\"elementor-element elementor-element-1ddafd1 e-con-full e-flex e-con e-child\" data-id=\"1ddafd1\" data-element_type=\"container\" data-e-type=\"container\">\n\t\t\t\t<div class=\"elementor-element elementor-element-5e81bd1 elementor-widget elementor-widget-button\" data-id=\"5e81bd1\" data-element_type=\"widget\" data-e-type=\"widget\" data-widget_type=\"button.default\">\n\t\t\t\t<div class=\"elementor-widget-container\">\n\t\t\t\t\t\t\t\t\t<div class=\"elementor-button-wrapper\">\n\t\t\t\t\t<a class=\"elementor-button elementor-button-link elementor-size-sm\" href=\"tel:02236-3212232\">\n\t\t\t\t\t\t<span class=\"elementor-button-content-wrapper\">\n\t\t\t\t\t\t<span class=\"elementor-button-icon\">\n\t\t\t\t<svg aria-hidden=\"true\" class=\"e-font-icon-svg e-fas-phone-alt\" viewbox=\"0 0 512 512\" xmlns=\"http:\/\/www.w3.org\/2000\/svg\"><path d=\"M497.39 361.8l-112-48a24 24 0 0 0-28 6.9l-49.6 60.6A370.66 370.66 0 0 1 130.6 204.11l60.6-49.6a23.94 23.94 0 0 0 6.9-28l-48-112A24.16 24.16 0 0 0 122.6.61l-104 24A24 24 0 0 0 0 48c0 256.5 207.9 464 464 464a24 24 0 0 0 23.4-18.6l24-104a24.29 24.29 0 0 0-14.01-27.6z\"><\/path><\/svg>\t\t\t<\/span>\n\t\t\t\t\t\t\t\t\t<span class=\"elementor-button-text\">02236-3212232<\/span>\n\t\t\t\t\t<\/span>\n\t\t\t\t\t<\/a>\n\t\t\t\t<\/div>\n\t\t\t\t\t\t\t\t<\/div>\n\t\t\t\t<\/div>\n\t\t\t\t<div class=\"elementor-element elementor-element-bdae3d8 elementor-widget elementor-widget-button\" data-id=\"bdae3d8\" data-element_type=\"widget\" data-e-type=\"widget\" data-widget_type=\"button.default\">\n\t\t\t\t<div class=\"elementor-widget-container\">\n\t\t\t\t\t\t\t\t\t<div class=\"elementor-button-wrapper\">\n\t\t\t\t\t<a class=\"elementor-button elementor-button-link elementor-size-sm\" href=\"mailto:hallo@impactschool.de\">\n\t\t\t\t\t\t<span class=\"elementor-button-content-wrapper\">\n\t\t\t\t\t\t<span class=\"elementor-button-icon\">\n\t\t\t\t<svg aria-hidden=\"true\" class=\"e-font-icon-svg e-far-envelope\" viewbox=\"0 0 512 512\" xmlns=\"http:\/\/www.w3.org\/2000\/svg\"><path d=\"M464 64H48C21.49 64 0 85.49 0 112v288c0 26.51 21.49 48 48 48h416c26.51 0 48-21.49 48-48V112c0-26.51-21.49-48-48-48zm0 48v40.805c-22.422 18.259-58.168 46.651-134.587 106.49-16.841 13.247-50.201 45.072-73.413 44.701-23.208.375-56.579-31.459-73.413-44.701C106.18 199.465 70.425 171.067 48 152.805V112h416zM48 400V214.398c22.914 18.251 55.409 43.862 104.938 82.646 21.857 17.205 60.134 55.186 103.062 54.955 42.717.231 80.509-37.199 103.053-54.947 49.528-38.783 82.032-64.401 104.947-82.653V400H48z\"><\/path><\/svg>\t\t\t<\/span>\n\t\t\t\t\t\t\t\t\t<span class=\"elementor-button-text\">hallo@impactschool.de<\/span>\n\t\t\t\t\t<\/span>\n\t\t\t\t\t<\/a>\n\t\t\t\t<\/div>\n\t\t\t\t\t\t\t\t<\/div>\n\t\t\t\t<\/div>\n\t\t\t\t<\/div>\n\t\t\t\t<div class=\"elementor-element elementor-element-206f4e9 elementor-widget__width-initial elementor-widget elementor-widget-text-editor\" data-id=\"206f4e9\" data-element_type=\"widget\" data-e-type=\"widget\" data-widget_type=\"text-editor.default\">\n\t\t\t\t<div class=\"elementor-widget-container\">\n\t\t\t\t\t\t\t\t\tBug\u00fcn benden bir randevu al\u0131n ve size programlar\u0131m\u0131z ve i\u015fbirliklerimiz hakk\u0131nda hi\u00e7bir y\u00fck\u00fcml\u00fcl\u00fck alt\u0131na girmeden bilgi vereyim.\t\t\t\t\t\t\t\t<\/div>\n\t\t\t\t<\/div>\n\t\t\t\t<div class=\"elementor-element elementor-element-364bc3b elementor-widget elementor-widget-button\" data-id=\"364bc3b\" data-element_type=\"widget\" data-e-type=\"widget\" data-widget_type=\"button.default\">\n\t\t\t\t<div class=\"elementor-widget-container\">\n\t\t\t\t\t\t\t\t\t<div class=\"elementor-button-wrapper\">\n\t\t\t\t\t<a class=\"elementor-button elementor-button-link elementor-size-sm\" href=\"mailto:hallo@impact-school.de\">\n\t\t\t\t\t\t<span class=\"elementor-button-content-wrapper\">\n\t\t\t\t\t\t\t\t\t<span class=\"elementor-button-text\">Bize ula\u015f\u0131n<\/span>\n\t\t\t\t\t<\/span>\n\t\t\t\t\t<\/a>\n\t\t\t\t<\/div>\n\t\t\t\t\t\t\t\t<\/div>\n\t\t\t\t<\/div>\n\t\t\t\t<\/div>\n\t\t\t\t<div class=\"elementor-element elementor-element-7adc06a elementor-widget elementor-widget-image\" data-id=\"7adc06a\" data-element_type=\"widget\" data-e-type=\"widget\" data-widget_type=\"image.default\">\n\t\t\t\t<div class=\"elementor-widget-container\">\n\t\t\t\t\t\t\t\t\t\t\t\t\t\t\t<img fetchpriority=\"high\" decoding=\"async\" width=\"1280\" height=\"853\" src=\"https:\/\/impactschool.de\/wp-content\/uploads\/2026\/02\/Milena_2024-1.jpeg\" class=\"attachment-full size-full wp-image-574\" alt=\"\" srcset=\"https:\/\/impactschool.de\/wp-content\/uploads\/2026\/02\/Milena_2024-1.jpeg 1280w, https:\/\/impactschool.de\/wp-content\/uploads\/2026\/02\/Milena_2024-1-300x200.jpeg 300w, https:\/\/impactschool.de\/wp-content\/uploads\/2026\/02\/Milena_2024-1-1024x682.jpeg 1024w, https:\/\/impactschool.de\/wp-content\/uploads\/2026\/02\/Milena_2024-1-768x512.jpeg 768w, https:\/\/impactschool.de\/wp-content\/uploads\/2026\/02\/Milena_2024-1-18x12.jpeg 18w\" sizes=\"(max-width: 1280px) 100vw, 1280px\" \/>\t\t\t\t\t\t\t\t\t\t\t\t\t\t\t<\/div>\n\t\t\t\t<\/div>\n\t\t\t\t\t<\/div>\n\t\t\t\t<\/div>\n\t\t<div class=\"elementor-element elementor-element-c1e3fbe e-flex e-con-boxed e-con e-parent\" data-id=\"c1e3fbe\" data-element_type=\"container\" data-e-type=\"container\">\n\t\t\t\t\t<div class=\"e-con-inner\">\n\t\t\t\t<div class=\"elementor-element elementor-element-cf8705e elementor-widget elementor-widget-template\" data-id=\"cf8705e\" data-element_type=\"widget\" data-e-type=\"widget\" data-widget_type=\"template.default\">\n\t\t\t\t<div class=\"elementor-widget-container\">\n\t\t\t\t\t\t\t<div class=\"elementor-template\">\n\t\t\t\t\t<div data-elementor-type=\"container\" data-elementor-id=\"1136\" class=\"elementor elementor-1136\" data-elementor-post-type=\"elementor_library\">\n\t\t\t\t<div class=\"elementor-element elementor-element-6231f398 e-flex e-con-boxed e-con e-child\" data-id=\"6231f398\" data-element_type=\"container\" data-e-type=\"container\">\n\t\t\t\t\t<div class=\"e-con-inner\">\n\t\t\t\t<div class=\"elementor-element elementor-element-4944565c elementor-widget__width-initial elementor-widget elementor-widget-heading\" data-id=\"4944565c\" data-element_type=\"widget\" data-e-type=\"widget\" data-widget_type=\"heading.default\">\n\t\t\t\t<div class=\"elementor-widget-container\">\n\t\t\t\t\t<h2 class=\"elementor-heading-title elementor-size-default\">\u0130\u015fveren ortaklar\u0131m\u0131z ne diyor<\/h2>\t\t\t\t<\/div>\n\t\t\t\t<\/div>\n\t\t<div class=\"elementor-element elementor-element-de02159 e-con-full e-flex e-con e-child\" data-id=\"de02159\" data-element_type=\"container\" data-e-type=\"container\">\n\t\t<div class=\"elementor-element elementor-element-6f075168 e-con-full e-flex e-con e-child\" data-id=\"6f075168\" data-element_type=\"container\" data-e-type=\"container\" data-settings=\"{&quot;background_background&quot;:&quot;classic&quot;}\">\n\t\t<div class=\"elementor-element elementor-element-256c37d3 e-con-full e-flex e-con e-child\" data-id=\"256c37d3\" data-element_type=\"container\" data-e-type=\"container\">\n\t\t\t\t<div class=\"elementor-element elementor-element-1c066ce9 elementor-widget elementor-widget-image\" data-id=\"1c066ce9\" data-element_type=\"widget\" data-e-type=\"widget\" data-widget_type=\"image.default\">\n\t\t\t\t<div class=\"elementor-widget-container\">\n\t\t\t\t\t\t\t\t\t\t\t\t\t\t\t<img decoding=\"async\" width=\"32\" height=\"32\" src=\"https:\/\/impactschool.de\/wp-content\/uploads\/2026\/02\/0856097a43ca4e5981b797bc1fa932b3.svg\" class=\"attachment-full size-full wp-image-499\" alt=\"\" \/>\t\t\t\t\t\t\t\t\t\t\t\t\t\t\t<\/div>\n\t\t\t\t<\/div>\n\t\t\t\t<div class=\"elementor-element elementor-element-5ffeffaf elementor-widget elementor-widget-text-editor\" data-id=\"5ffeffaf\" data-element_type=\"widget\" data-e-type=\"widget\" data-widget_type=\"text-editor.default\">\n\t\t\t\t<div class=\"elementor-widget-container\">\n\t\t\t\t\t\t\t\t\t<p>Impact School, e\u011fitim kurumlar\u0131m\u0131zda acilen ihtiya\u00e7 duydu\u011fumuz uzmanlar\u0131n yeti\u015ftirilmesinde merkezi bir rol oynamaktad\u0131r. Uygulamal\u0131 ve gelece\u011fe y\u00f6nelik e\u011fitim kurslar\u0131 sayesinde ekiplerimizdeki bo\u015fluklar\u0131 dolduruyor ve insanlar\u0131 e\u011fitim mesleklerinin zorluklar\u0131na haz\u0131rl\u0131yor.<\/p>\t\t\t\t\t\t\t\t<\/div>\n\t\t\t\t<\/div>\n\t\t<div class=\"elementor-element elementor-element-36d54e2b e-con-full e-grid e-con e-child\" data-id=\"36d54e2b\" data-element_type=\"container\" data-e-type=\"container\">\n\t\t\t\t<div class=\"elementor-element elementor-element-67a30a1 elementor-widget elementor-widget-image\" data-id=\"67a30a1\" data-element_type=\"widget\" data-e-type=\"widget\" data-widget_type=\"image.default\">\n\t\t\t\t<div class=\"elementor-widget-container\">\n\t\t\t\t\t\t\t\t\t\t\t\t\t\t\t<img decoding=\"async\" width=\"225\" height=\"225\" src=\"https:\/\/impactschool.de\/wp-content\/uploads\/2026\/03\/Vera-Reimann.jpeg\" class=\"attachment-full size-full wp-image-1134\" alt=\"\" srcset=\"https:\/\/impactschool.de\/wp-content\/uploads\/2026\/03\/Vera-Reimann.jpeg 225w, https:\/\/impactschool.de\/wp-content\/uploads\/2026\/03\/Vera-Reimann-150x150.jpeg 150w, https:\/\/impactschool.de\/wp-content\/uploads\/2026\/03\/Vera-Reimann-12x12.jpeg 12w\" sizes=\"(max-width: 225px) 100vw, 225px\" \/>\t\t\t\t\t\t\t\t\t\t\t\t\t\t\t<\/div>\n\t\t\t\t<\/div>\n\t\t\t\t<div class=\"elementor-element elementor-element-2337bea6 elementor-widget elementor-widget-text-editor\" data-id=\"2337bea6\" data-element_type=\"widget\" data-e-type=\"widget\" data-widget_type=\"text-editor.default\">\n\t\t\t\t<div class=\"elementor-widget-container\">\n\t\t\t\t\t\t\t\t\t<p><b>Vera Reimann<\/b><\/p><p>\u0130nsan Kaynaklar\u0131 Y\u00f6netimi Ba\u015fkan\u0131, Caritas<\/p>\t\t\t\t\t\t\t\t<\/div>\n\t\t\t\t<\/div>\n\t\t\t\t<\/div>\n\t\t\t\t<\/div>\n\t\t\t\t<\/div>\n\t\t<div class=\"elementor-element elementor-element-4e24a33 e-con-full e-flex e-con e-child\" data-id=\"4e24a33\" data-element_type=\"container\" data-e-type=\"container\" data-settings=\"{&quot;background_background&quot;:&quot;classic&quot;}\">\n\t\t<div class=\"elementor-element elementor-element-44190ec9 e-con-full e-flex e-con e-child\" data-id=\"44190ec9\" data-element_type=\"container\" data-e-type=\"container\">\n\t\t\t\t<div class=\"elementor-element elementor-element-22e7e94e elementor-widget elementor-widget-image\" data-id=\"22e7e94e\" data-element_type=\"widget\" data-e-type=\"widget\" data-widget_type=\"image.default\">\n\t\t\t\t<div class=\"elementor-widget-container\">\n\t\t\t\t\t\t\t\t\t\t\t\t\t\t\t<img decoding=\"async\" src=\"https:\/\/impactschool.de\/wp-content\/uploads\/2026\/02\/ff9a53a325d659f3eea816098936d5a0.svg\" title=\"\" alt=\"\" loading=\"lazy\" \/>\t\t\t\t\t\t\t\t\t\t\t\t\t\t\t<\/div>\n\t\t\t\t<\/div>\n\t\t\t\t<div class=\"elementor-element elementor-element-35b79227 elementor-widget elementor-widget-text-editor\" data-id=\"35b79227\" data-element_type=\"widget\" data-e-type=\"widget\" data-widget_type=\"text-editor.default\">\n\t\t\t\t<div class=\"elementor-widget-container\">\n\t\t\t\t\t\t\t\t\t<p>Kre\u015f \u00e7ocuklar\u0131n\u0131 hayata iyi bir \u015fekilde haz\u0131rlamak i\u00e7in iyi nitelikli uzmanlara ve bu profesyonel alana \u00e7e\u015fitli giri\u015f f\u0131rsatlar\u0131na ihtiyac\u0131m\u0131z var. Impact School'un ileriye d\u00f6n\u00fck program\u0131 ve yenilik\u00e7i teknoloji tabanl\u0131 konseptleriyle, daha fazla insan\u0131 \u00e7ok profesyonelli g\u00fcnd\u00fcz bak\u0131m merkezi ekiplerinde \u00e7al\u0131\u015fmaya te\u015fvik edebilir ve bu alana girmelerini ve bu alanda ilerlemelerini sa\u011flayabiliriz.<\/p>\t\t\t\t\t\t\t\t<\/div>\n\t\t\t\t<\/div>\n\t\t<div class=\"elementor-element elementor-element-5819acd6 e-con-full e-grid e-con e-child\" data-id=\"5819acd6\" data-element_type=\"container\" data-e-type=\"container\">\n\t\t\t\t<div class=\"elementor-element elementor-element-3102588b elementor-widget elementor-widget-image\" data-id=\"3102588b\" data-element_type=\"widget\" data-e-type=\"widget\" data-widget_type=\"image.default\">\n\t\t\t\t<div class=\"elementor-widget-container\">\n\t\t\t\t\t\t\t\t\t\t\t\t\t\t\t<img loading=\"lazy\" decoding=\"async\" width=\"150\" height=\"150\" src=\"https:\/\/impactschool.de\/wp-content\/uploads\/2026\/03\/fo_Stefan_Spieker-150x150.jpg\" class=\"attachment-thumbnail size-thumbnail wp-image-1135\" alt=\"\" \/>\t\t\t\t\t\t\t\t\t\t\t\t\t\t\t<\/div>\n\t\t\t\t<\/div>\n\t\t\t\t<div class=\"elementor-element elementor-element-5a703478 elementor-widget elementor-widget-text-editor\" data-id=\"5a703478\" data-element_type=\"widget\" data-e-type=\"widget\" data-widget_type=\"text-editor.default\">\n\t\t\t\t<div class=\"elementor-widget-container\">\n\t\t\t\t\t\t\t\t\t<p><strong>Stefan Spieker<\/strong><\/p><p>Fr\u00f6bel e.V. Y\u00f6netim Kurulu Ba\u015fkan\u0131, Fr\u00f6bel Almanya'daki en b\u00fcy\u00fck b\u00f6lgeler \u00fcst\u00fc ve kar amac\u0131 g\u00fctmeyen g\u00fcnd\u00fcz bak\u0131m merkezleri sa\u011flay\u0131c\u0131s\u0131d\u0131r<\/p>\t\t\t\t\t\t\t\t<\/div>\n\t\t\t\t<\/div>\n\t\t\t\t<\/div>\n\t\t\t\t<\/div>\n\t\t\t\t<\/div>\n\t\t\t\t<\/div>\n\t\t\t\t\t<\/div>\n\t\t\t\t<\/div>\n\t\t\t\t<\/div>\n\t\t\t\t<\/div>\n\t\t\t\t\t\t<\/div>\n\t\t\t\t<\/div>\n\t\t\t\t\t<\/div>\n\t\t\t\t<\/div>\n\t\t\t\t<\/div>","protected":false},"excerpt":{"rendered":"<p>Werde Impact School Partner 02236-3212232 hallo@impactschool.de Vereinbart noch heute einen Termin mit mir und lasst euch unverbindlich \u00fcber unsere Programme und Kooperationen beraten. Kontakt aufnehmen<\/p>","protected":false},"author":2,"featured_media":0,"parent":0,"menu_order":0,"comment_status":"closed","ping_status":"closed","template":"","meta":{"_acf_changed":false,"footnotes":""},"class_list":["post-200","page","type-page","status-publish","hentry"],"acf":[],"yoast_head":"<!-- This site is optimized with the Yoast SEO plugin v27.4 - https:\/\/yoast.com\/product\/yoast-seo-wordpress\/ -->\n<title>Werde Partner - SIS Social Impact School GmbH<\/title>\n<meta name=\"robots\" content=\"index, follow, max-snippet:-1, max-image-preview:large, max-video-preview:-1\" \/>\n<link rel=\"canonical\" href=\"https:\/\/impactschool.de\/tr\/werde-partner\/\" \/>\n<meta property=\"og:locale\" content=\"tr_TR\" \/>\n<meta property=\"og:type\" content=\"article\" \/>\n<meta property=\"og:title\" content=\"Werde Partner - SIS Social Impact School GmbH\" \/>\n<meta property=\"og:description\" content=\"Werde Impact School Partner 02236-3212232 hallo@impactschool.de Vereinbart noch heute einen Termin mit mir und lasst euch unverbindlich \u00fcber unsere Programme und Kooperationen beraten. Kontakt aufnehmen\" \/>\n<meta property=\"og:url\" content=\"https:\/\/impactschool.de\/tr\/werde-partner\/\" \/>\n<meta property=\"og:site_name\" content=\"SIS Social Impact School GmbH\" \/>\n<meta property=\"article:modified_time\" content=\"2026-03-03T14:00:06+00:00\" \/>\n<meta property=\"og:image\" content=\"https:\/\/impactschool.de\/wp-content\/uploads\/2026\/02\/Milena_2024-1.jpeg\" \/>\n<meta name=\"twitter:card\" content=\"summary_large_image\" \/>\n<meta name=\"twitter:label1\" content=\"Tahmini okuma s\u00fcresi\" \/>\n\t<meta name=\"twitter:data1\" content=\"2 dakika\" \/>\n<script type=\"application\/ld+json\" class=\"yoast-schema-graph\">{\"@context\":\"https:\\\/\\\/schema.org\",\"@graph\":[{\"@type\":\"WebPage\",\"@id\":\"https:\\\/\\\/impactschool.de\\\/werde-partner\\\/\",\"url\":\"https:\\\/\\\/impactschool.de\\\/werde-partner\\\/\",\"name\":\"Werde Partner - SIS Social Impact School GmbH\",\"isPartOf\":{\"@id\":\"https:\\\/\\\/impactschool.de\\\/en\\\/#website\"},\"primaryImageOfPage\":{\"@id\":\"https:\\\/\\\/impactschool.de\\\/werde-partner\\\/#primaryimage\"},\"image\":{\"@id\":\"https:\\\/\\\/impactschool.de\\\/werde-partner\\\/#primaryimage\"},\"thumbnailUrl\":\"https:\\\/\\\/impactschool.de\\\/wp-content\\\/uploads\\\/2026\\\/02\\\/Milena_2024-1.jpeg\",\"datePublished\":\"2026-02-09T12:41:59+00:00\",\"dateModified\":\"2026-03-03T14:00:06+00:00\",\"breadcrumb\":{\"@id\":\"https:\\\/\\\/impactschool.de\\\/werde-partner\\\/#breadcrumb\"},\"inLanguage\":\"tr\",\"potentialAction\":[{\"@type\":\"ReadAction\",\"target\":[\"https:\\\/\\\/impactschool.de\\\/werde-partner\\\/\"]}]},{\"@type\":\"ImageObject\",\"inLanguage\":\"tr\",\"@id\":\"https:\\\/\\\/impactschool.de\\\/werde-partner\\\/#primaryimage\",\"url\":\"https:\\\/\\\/impactschool.de\\\/wp-content\\\/uploads\\\/2026\\\/02\\\/Milena_2024-1.jpeg\",\"contentUrl\":\"https:\\\/\\\/impactschool.de\\\/wp-content\\\/uploads\\\/2026\\\/02\\\/Milena_2024-1.jpeg\"},{\"@type\":\"BreadcrumbList\",\"@id\":\"https:\\\/\\\/impactschool.de\\\/werde-partner\\\/#breadcrumb\",\"itemListElement\":[{\"@type\":\"ListItem\",\"position\":1,\"name\":\"Home\",\"item\":\"https:\\\/\\\/impactschool.de\\\/\"},{\"@type\":\"ListItem\",\"position\":2,\"name\":\"Werde Partner\"}]},{\"@type\":\"WebSite\",\"@id\":\"https:\\\/\\\/impactschool.de\\\/en\\\/#website\",\"url\":\"https:\\\/\\\/impactschool.de\\\/en\\\/\",\"name\":\"SIS Social Impact School GmbH\",\"description\":\"SIS Social Impact School GmbH\",\"publisher\":{\"@id\":\"https:\\\/\\\/impactschool.de\\\/en\\\/#organization\"},\"potentialAction\":[{\"@type\":\"SearchAction\",\"target\":{\"@type\":\"EntryPoint\",\"urlTemplate\":\"https:\\\/\\\/impactschool.de\\\/en\\\/?s={search_term_string}\"},\"query-input\":{\"@type\":\"PropertyValueSpecification\",\"valueRequired\":true,\"valueName\":\"search_term_string\"}}],\"inLanguage\":\"tr\"},{\"@type\":\"Organization\",\"@id\":\"https:\\\/\\\/impactschool.de\\\/en\\\/#organization\",\"name\":\"SIS Social Impact School GmbH\",\"url\":\"https:\\\/\\\/impactschool.de\\\/en\\\/\",\"logo\":{\"@type\":\"ImageObject\",\"inLanguage\":\"tr\",\"@id\":\"https:\\\/\\\/impactschool.de\\\/en\\\/#\\\/schema\\\/logo\\\/image\\\/\",\"url\":\"https:\\\/\\\/impactschool.de\\\/wp-content\\\/uploads\\\/2026\\\/03\\\/Impact-School-Logo.png\",\"contentUrl\":\"https:\\\/\\\/impactschool.de\\\/wp-content\\\/uploads\\\/2026\\\/03\\\/Impact-School-Logo.png\",\"width\":1300,\"height\":1300,\"caption\":\"SIS Social Impact School GmbH\"},\"image\":{\"@id\":\"https:\\\/\\\/impactschool.de\\\/en\\\/#\\\/schema\\\/logo\\\/image\\\/\"},\"sameAs\":[\"https:\\\/\\\/de.linkedin.com\\\/company\\\/social-impact-school\",\"https:\\\/\\\/www.instagram.com\\\/impactschool.de\"]}]}<\/script>\n<!-- \/ Yoast SEO plugin. -->","yoast_head_json":{"title":"Werde Partner - SIS Social Impact School GmbH","robots":{"index":"index","follow":"follow","max-snippet":"max-snippet:-1","max-image-preview":"max-image-preview:large","max-video-preview":"max-video-preview:-1"},"canonical":"https:\/\/impactschool.de\/tr\/werde-partner\/","og_locale":"tr_TR","og_type":"article","og_title":"Werde Partner - SIS Social Impact School GmbH","og_description":"Werde Impact School Partner 02236-3212232 hallo@impactschool.de Vereinbart noch heute einen Termin mit mir und lasst euch unverbindlich \u00fcber unsere Programme und Kooperationen beraten. Kontakt aufnehmen","og_url":"https:\/\/impactschool.de\/tr\/werde-partner\/","og_site_name":"SIS Social Impact School GmbH","article_modified_time":"2026-03-03T14:00:06+00:00","og_image":[{"url":"https:\/\/impactschool.de\/wp-content\/uploads\/2026\/02\/Milena_2024-1.jpeg","type":"","width":"","height":""}],"twitter_card":"summary_large_image","twitter_misc":{"Tahmini okuma s\u00fcresi":"2 dakika"},"schema":{"@context":"https:\/\/schema.org","@graph":[{"@type":"WebPage","@id":"https:\/\/impactschool.de\/werde-partner\/","url":"https:\/\/impactschool.de\/werde-partner\/","name":"Werde Partner - SIS Social Impact School GmbH","isPartOf":{"@id":"https:\/\/impactschool.de\/en\/#website"},"primaryImageOfPage":{"@id":"https:\/\/impactschool.de\/werde-partner\/#primaryimage"},"image":{"@id":"https:\/\/impactschool.de\/werde-partner\/#primaryimage"},"thumbnailUrl":"https:\/\/impactschool.de\/wp-content\/uploads\/2026\/02\/Milena_2024-1.jpeg","datePublished":"2026-02-09T12:41:59+00:00","dateModified":"2026-03-03T14:00:06+00:00","breadcrumb":{"@id":"https:\/\/impactschool.de\/werde-partner\/#breadcrumb"},"inLanguage":"tr","potentialAction":[{"@type":"ReadAction","target":["https:\/\/impactschool.de\/werde-partner\/"]}]},{"@type":"ImageObject","inLanguage":"tr","@id":"https:\/\/impactschool.de\/werde-partner\/#primaryimage","url":"https:\/\/impactschool.de\/wp-content\/uploads\/2026\/02\/Milena_2024-1.jpeg","contentUrl":"https:\/\/impactschool.de\/wp-content\/uploads\/2026\/02\/Milena_2024-1.jpeg"},{"@type":"BreadcrumbList","@id":"https:\/\/impactschool.de\/werde-partner\/#breadcrumb","itemListElement":[{"@type":"ListItem","position":1,"name":"Home","item":"https:\/\/impactschool.de\/"},{"@type":"ListItem","position":2,"name":"Werde Partner"}]},{"@type":"WebSite","@id":"https:\/\/impactschool.de\/en\/#website","url":"https:\/\/impactschool.de\/en\/","name":"SIS Social Impact School GmbH","description":"SIS Social Impact School GmbH","publisher":{"@id":"https:\/\/impactschool.de\/en\/#organization"},"potentialAction":[{"@type":"SearchAction","target":{"@type":"EntryPoint","urlTemplate":"https:\/\/impactschool.de\/en\/?s={search_term_string}"},"query-input":{"@type":"PropertyValueSpecification","valueRequired":true,"valueName":"search_term_string"}}],"inLanguage":"tr"},{"@type":"Organization","@id":"https:\/\/impactschool.de\/en\/#organization","name":"SIS Social Impact School GmbH","url":"https:\/\/impactschool.de\/en\/","logo":{"@type":"ImageObject","inLanguage":"tr","@id":"https:\/\/impactschool.de\/en\/#\/schema\/logo\/image\/","url":"https:\/\/impactschool.de\/wp-content\/uploads\/2026\/03\/Impact-School-Logo.png","contentUrl":"https:\/\/impactschool.de\/wp-content\/uploads\/2026\/03\/Impact-School-Logo.png","width":1300,"height":1300,"caption":"SIS Social Impact School GmbH"},"image":{"@id":"https:\/\/impactschool.de\/en\/#\/schema\/logo\/image\/"},"sameAs":["https:\/\/de.linkedin.com\/company\/social-impact-school","https:\/\/www.instagram.com\/impactschool.de"]}]}},"_hostinger_reach_plugin_has_subscription_block":false,"_hostinger_reach_plugin_is_elementor":false,"_links":{"self":[{"href":"https:\/\/impactschool.de\/tr\/wp-json\/wp\/v2\/pages\/200","targetHints":{"allow":["GET"]}}],"collection":[{"href":"https:\/\/impactschool.de\/tr\/wp-json\/wp\/v2\/pages"}],"about":[{"href":"https:\/\/impactschool.de\/tr\/wp-json\/wp\/v2\/types\/page"}],"author":[{"embeddable":true,"href":"https:\/\/impactschool.de\/tr\/wp-json\/wp\/v2\/users\/2"}],"replies":[{"embeddable":true,"href":"https:\/\/impactschool.de\/tr\/wp-json\/wp\/v2\/comments?post=200"}],"version-history":[{"count":16,"href":"https:\/\/impactschool.de\/tr\/wp-json\/wp\/v2\/pages\/200\/revisions"}],"predecessor-version":[{"id":1161,"href":"https:\/\/impactschool.de\/tr\/wp-json\/wp\/v2\/pages\/200\/revisions\/1161"}],"wp:attachment":[{"href":"https:\/\/impactschool.de\/tr\/wp-json\/wp\/v2\/media?parent=200"}],"curies":[{"name":"wp","href":"https:\/\/api.w.org\/{rel}","templated":true}]}}