{"id":428,"date":"2026-02-12T19:31:17","date_gmt":"2026-02-12T17:31:17","guid":{"rendered":"https:\/\/impactschool.de\/?page_id=428"},"modified":"2026-03-02T17:11:36","modified_gmt":"2026-03-02T15:11:36","slug":"teilnahmebedingungen-freunde-werben-werben","status":"publish","type":"page","link":"https:\/\/impactschool.de\/tr\/teilnahmebedingungen-freunde-werben-werben\/","title":{"rendered":"Teilnahmebedingungen Freunde werben"},"content":{"rendered":"<div data-elementor-type=\"wp-page\" data-elementor-id=\"428\" class=\"elementor elementor-428\" data-elementor-post-type=\"page\">\n\t\t\t\t<div class=\"elementor-element elementor-element-6695b3a e-flex e-con-boxed e-con e-parent\" data-id=\"6695b3a\" data-element_type=\"container\" data-e-type=\"container\">\n\t\t\t\t\t<div class=\"e-con-inner\">\n\t\t\t\t<div class=\"elementor-element elementor-element-d47a626 elementor-widget elementor-widget-text-editor\" data-id=\"d47a626\" data-element_type=\"widget\" data-e-type=\"widget\" data-widget_type=\"text-editor.default\">\n\t\t\t\t<div class=\"elementor-widget-container\">\n\t\t\t\t\t\t\t\t\t<h1>Kat\u0131l\u0131m Ko\u015fullar\u0131<\/h1><div><b>1. Tavsiye program\u0131 nas\u0131l i\u015fler<\/b><br \/>Kurslar\u0131m\u0131z\u0131 arkada\u015flar\u0131n\u0131z, tan\u0131d\u0131klar\u0131n\u0131z veya aile \u00fcyelerinizle tavsiye edersiniz.<br \/>\u00d6nemli: Tavsiye edilen ki\u015finin kay\u0131t s\u0131ras\u0131nda sizi a\u00e7\u0131k\u00e7a tavsiye eden olarak belirtmesi gerekir (\u00f6rn. isim veya e-posta ile). Yaln\u0131zca bu durumda tavsiye, tavsiye program\u0131na atanabilir.<p>Ad\u0131n\u0131z\u0131 belirttikten sonra, tavsiyeyi onaylamak i\u00e7in bir e-posta alacaks\u0131n\u0131z. Tavsiye, yaln\u0131zca onay\u0131n\u0131zdan sonra dikkate al\u0131nacakt\u0131r.<\/p><p>\u00d6nerilen ki\u015fi daha sonra Impact School'da bir kursa ba\u015flarsa, tavsiye ba\u015far\u0131l\u0131 say\u0131l\u0131r.<\/p><p><b>2. Ba\u015far\u0131l\u0131 bir tavsiye ne zaman ge\u00e7erlidir<\/b><br \/>Bir \u00f6neri, a\u015fa\u011f\u0131daki \u015fartlar\u0131n t\u00fcm\u00fc yerine getirildi\u011finde ba\u015far\u0131l\u0131 olur:<br \/>\u2013 tavsiye edilen ki\u015fi, kay\u0131t s\u00fcreci s\u0131ras\u0131nda seni do\u011fru \u015fekilde tavsiye eden ki\u015fi olarak belirtir,<br \/>\u2013 e-posta ile tavsiyeyi onaylars\u0131n\u0131z,<br \/>\u2013 \u00f6nerilen ki\u015fi resmi olarak uygun bir kursa kabul edilir,<br \/>\u2013 ve kursa en az d\u00f6rt hafta aktif olarak kat\u0131l\u0131r.<\/p><p><b>3. Primler ve Avantajlar<\/b><br \/>Her ba\u015far\u0131l\u0131 tavsiyede \u015funlar\u0131 al\u0131rs\u0131n\u0131z:<br \/>\u2013 <b>du<\/b> Tavsiye eden olarak <b>250 \u20ac<\/b>,<br \/>\u2013 <b>referans verilen ki\u015fi de 250 \u20ac<\/b>.<br \/>Prim, \u015feklinde bir <b>Amazon Kuponlar\u0131<\/b> \u00f6denecektir. Nakit \u00f6deme yap\u0131lamaz.<\/p><p><b>4. Primin \u00d6denmesi<\/b><br \/>Gutscheininizi ald\u0131\u011f\u0131n\u0131zda:<br \/>\u2013 davet edilen ki\u015fi kursa d\u00f6rt hafta boyunca kat\u0131lm\u0131\u015fsa ve<br \/>\u2013 t\u00fcm kat\u0131l\u0131m ko\u015fullar\u0131 yerine getirilmi\u015ftir.<\/p><p>\u00d6nerinin durumu hakk\u0131nda sana e-posta ile bilgi verilecektir. Hediye \u00e7eki kodlar\u0131 da e-posta ile g\u00f6nderilecektir.<\/p><p><b>5. Tavsiye Say\u0131s\u0131<\/b><br \/>vard\u0131r <b>s\u0131n\u0131r yok<\/b> olas\u0131 tavsiyeler.<br \/>Ba\u015far\u0131yla tavsiye etti\u011finiz her ki\u015fi, size 250 \u20ac ve tavsiye etti\u011finiz ki\u015fiye 250 \u20ac ek prim kazand\u0131racakt\u0131r.<\/p><p><b>6. Takip ve Destek<\/b><br \/>\u00d6nerilerinizin durumuyla ilgili e-posta g\u00fcncellemeleri alacaks\u0131n\u0131z.<br \/>Tavsiye program\u0131yla ilgili sorular\u0131n\u0131z i\u00e7in bize \u015fu adresten ula\u015fabilirsiniz: <b>hallo@impactschool.de<\/b><\/p><p><b>7. \u00c7al\u0131\u015fma S\u00fcresi ve De\u011fi\u015fiklikler<\/b><br \/>Tavsiye program\u0131 s\u00fcresiz olarak devam etmektedir.<br \/>Bu <b>SIS Social Impact School GmbH <\/b>haklar\u0131 sakl\u0131d\u0131r,<br \/>\u2013 program\u0131 istedi\u011finiz zaman de\u011fi\u015ftirmek,<br \/>\u2013 kat\u0131l\u0131m ko\u015fullar\u0131n\u0131 uyarlamak veya<br \/>\u2013 program\u0131 sonland\u0131rmak i\u00e7in.<\/p><p>De\u011fi\u015fiklikler zaman\u0131nda iletilecektir.<\/p><p><b>8. \u0130stihdam veya s\u00f6zle\u015fme ili\u015fkisinin olmamas\u0131<\/b><br \/>Referans program\u0131na kat\u0131l\u0131m\u0131 sa\u011flar <b>Hi\u00e7bir i\u015f, temsilcilik veya ortakl\u0131k ili\u015fkisi<\/b>.<br \/>Impact School ad\u0131na hareket etme veya s\u00f6zle\u015fme imzalama yetkiniz bulunmamaktad\u0131r.<\/p><p><b>9. \u0130ptal veya kat\u0131lmama halinde herhangi bir hak talebi yoktur<\/b><br \/>Primaya hak talebinde bulunmak yaln\u0131zca \u015fu durumlarda m\u00fcmk\u00fcnd\u00fcr:<br \/>\u2013 kayd\u0131n tamamen tamamland\u0131\u011f\u0131,<br \/>- kursun kesin olarak ba\u015flad\u0131\u011f\u0131 ve<br \/>\u2013 en az d\u00f6rt hafta kat\u0131l\u0131m sa\u011flanm\u0131\u015fsa.<\/p><p>\u0130\u015fe ba\u015flanmamas\u0131 veya erken ayr\u0131lma durumunda prim hakk\u0131 ortadan kalkar.<\/p><p><b>10. K\u00f6t\u00fcye Kullan\u0131m ve D\u0131\u015flama<\/b><br \/>Suistimal, yanl\u0131\u015f beyan veya doland\u0131r\u0131c\u0131l\u0131k \u015f\u00fcphesi durumunda Impact School \u015funu yapma hakk\u0131n\u0131 sakl\u0131 tutar:,<br \/>\u2013 Kuponlar\u0131 \u00f6demeyi veya iptal etmeyi reddetmek,<br \/>\u2013 Tavsiye program\u0131na kat\u0131lanlar\u0131 hari\u00e7 tutmak,<br \/>\u2013 ve kat\u0131l\u0131m ko\u015fullar\u0131n\u0131 tutarl\u0131 bir \u015fekilde uygulamak.<\/p><p>Kat\u0131l\u0131mc\u0131lar, y\u00fcr\u00fcrl\u00fckteki yasalara, ki\u015filik, telif hakk\u0131 ve ticari marka haklar\u0131na uymay\u0131 taahh\u00fct ederler.<\/p><\/div>\t\t\t\t\t\t\t\t<\/div>\n\t\t\t\t<\/div>\n\t\t\t\t\t<\/div>\n\t\t\t\t<\/div>\n\t\t\t\t<\/div>","protected":false},"excerpt":{"rendered":"<p>Teilnahmebedingungen 1. So funktioniert das EmpfehlungsprogrammDu empfiehlst unsere Kurse an Freund:innen, Bekannte oder Familienmitglieder weiter.Wichtig: Die empfohlene Person muss dich bei der Anmeldung ausdr\u00fccklich als Empfehlende:n angeben (z. B. durch Namens- oder E-Mail-Angabe). Nur dann kann die Empfehlung dem Empfehlungsprogramm zugeordnet werden. Nach Angabe deines Namens erh\u00e4ltst du von uns eine E-Mail zur Best\u00e4tigung der [&hellip;]<\/p>\n","protected":false},"author":2,"featured_media":0,"parent":0,"menu_order":0,"comment_status":"closed","ping_status":"closed","template":"","meta":{"_acf_changed":false,"footnotes":""},"class_list":["post-428","page","type-page","status-publish","hentry"],"acf":[],"yoast_head":"<!-- This site is optimized with the Yoast SEO plugin v27.4 - https:\/\/yoast.com\/product\/yoast-seo-wordpress\/ -->\n<title>Teilnahmebedingungen Freunde werben - SIS Social Impact School GmbH<\/title>\n<meta name=\"robots\" content=\"index, follow, max-snippet:-1, max-image-preview:large, max-video-preview:-1\" \/>\n<link rel=\"canonical\" href=\"https:\/\/impactschool.de\/tr\/teilnahmebedingungen-freunde-werben-werben\/\" \/>\n<meta property=\"og:locale\" content=\"tr_TR\" \/>\n<meta property=\"og:type\" content=\"article\" \/>\n<meta property=\"og:title\" content=\"Teilnahmebedingungen Freunde werben - SIS Social Impact School GmbH\" \/>\n<meta property=\"og:description\" content=\"Teilnahmebedingungen 1. So funktioniert das EmpfehlungsprogrammDu empfiehlst unsere Kurse an Freund:innen, Bekannte oder Familienmitglieder weiter.Wichtig: Die empfohlene Person muss dich bei der Anmeldung ausdr\u00fccklich als Empfehlende:n angeben (z. B. durch Namens- oder E-Mail-Angabe). Nur dann kann die Empfehlung dem Empfehlungsprogramm zugeordnet werden. Nach Angabe deines Namens erh\u00e4ltst du von uns eine E-Mail zur Best\u00e4tigung der [&hellip;]\" \/>\n<meta property=\"og:url\" content=\"https:\/\/impactschool.de\/tr\/teilnahmebedingungen-freunde-werben-werben\/\" \/>\n<meta property=\"og:site_name\" content=\"SIS Social Impact School GmbH\" \/>\n<meta property=\"article:modified_time\" content=\"2026-03-02T15:11:36+00:00\" \/>\n<meta name=\"twitter:card\" content=\"summary_large_image\" \/>\n<meta name=\"twitter:label1\" content=\"Tahmini okuma s\u00fcresi\" \/>\n\t<meta name=\"twitter:data1\" content=\"3 dakika\" \/>\n<script type=\"application\/ld+json\" class=\"yoast-schema-graph\">{\"@context\":\"https:\\\/\\\/schema.org\",\"@graph\":[{\"@type\":\"WebPage\",\"@id\":\"https:\\\/\\\/impactschool.de\\\/en\\\/teilnahmebedingungen-freunde-werben-werben\\\/\",\"url\":\"https:\\\/\\\/impactschool.de\\\/en\\\/teilnahmebedingungen-freunde-werben-werben\\\/\",\"name\":\"Teilnahmebedingungen Freunde werben - SIS Social Impact School GmbH\",\"isPartOf\":{\"@id\":\"https:\\\/\\\/impactschool.de\\\/en\\\/#website\"},\"datePublished\":\"2026-02-12T17:31:17+00:00\",\"dateModified\":\"2026-03-02T15:11:36+00:00\",\"breadcrumb\":{\"@id\":\"https:\\\/\\\/impactschool.de\\\/en\\\/teilnahmebedingungen-freunde-werben-werben\\\/#breadcrumb\"},\"inLanguage\":\"tr\",\"potentialAction\":[{\"@type\":\"ReadAction\",\"target\":[\"https:\\\/\\\/impactschool.de\\\/en\\\/teilnahmebedingungen-freunde-werben-werben\\\/\"]}]},{\"@type\":\"BreadcrumbList\",\"@id\":\"https:\\\/\\\/impactschool.de\\\/en\\\/teilnahmebedingungen-freunde-werben-werben\\\/#breadcrumb\",\"itemListElement\":[{\"@type\":\"ListItem\",\"position\":1,\"name\":\"Home\",\"item\":\"https:\\\/\\\/impactschool.de\\\/\"},{\"@type\":\"ListItem\",\"position\":2,\"name\":\"Teilnahmebedingungen Freunde werben\"}]},{\"@type\":\"WebSite\",\"@id\":\"https:\\\/\\\/impactschool.de\\\/en\\\/#website\",\"url\":\"https:\\\/\\\/impactschool.de\\\/en\\\/\",\"name\":\"SIS Social Impact School GmbH\",\"description\":\"SIS Social Impact School GmbH\",\"publisher\":{\"@id\":\"https:\\\/\\\/impactschool.de\\\/en\\\/#organization\"},\"potentialAction\":[{\"@type\":\"SearchAction\",\"target\":{\"@type\":\"EntryPoint\",\"urlTemplate\":\"https:\\\/\\\/impactschool.de\\\/en\\\/?s={search_term_string}\"},\"query-input\":{\"@type\":\"PropertyValueSpecification\",\"valueRequired\":true,\"valueName\":\"search_term_string\"}}],\"inLanguage\":\"tr\"},{\"@type\":\"Organization\",\"@id\":\"https:\\\/\\\/impactschool.de\\\/en\\\/#organization\",\"name\":\"SIS Social Impact School GmbH\",\"url\":\"https:\\\/\\\/impactschool.de\\\/en\\\/\",\"logo\":{\"@type\":\"ImageObject\",\"inLanguage\":\"tr\",\"@id\":\"https:\\\/\\\/impactschool.de\\\/en\\\/#\\\/schema\\\/logo\\\/image\\\/\",\"url\":\"https:\\\/\\\/impactschool.de\\\/wp-content\\\/uploads\\\/2026\\\/03\\\/Impact-School-Logo.png\",\"contentUrl\":\"https:\\\/\\\/impactschool.de\\\/wp-content\\\/uploads\\\/2026\\\/03\\\/Impact-School-Logo.png\",\"width\":1300,\"height\":1300,\"caption\":\"SIS Social Impact School GmbH\"},\"image\":{\"@id\":\"https:\\\/\\\/impactschool.de\\\/en\\\/#\\\/schema\\\/logo\\\/image\\\/\"},\"sameAs\":[\"https:\\\/\\\/de.linkedin.com\\\/company\\\/social-impact-school\",\"https:\\\/\\\/www.instagram.com\\\/impactschool.de\"]}]}<\/script>\n<!-- \/ Yoast SEO plugin. -->","yoast_head_json":{"title":"Teilnahmebedingungen Freunde werben - SIS Social Impact School GmbH","robots":{"index":"index","follow":"follow","max-snippet":"max-snippet:-1","max-image-preview":"max-image-preview:large","max-video-preview":"max-video-preview:-1"},"canonical":"https:\/\/impactschool.de\/tr\/teilnahmebedingungen-freunde-werben-werben\/","og_locale":"tr_TR","og_type":"article","og_title":"Teilnahmebedingungen Freunde werben - SIS Social Impact School GmbH","og_description":"Teilnahmebedingungen 1. So funktioniert das EmpfehlungsprogrammDu empfiehlst unsere Kurse an Freund:innen, Bekannte oder Familienmitglieder weiter.Wichtig: Die empfohlene Person muss dich bei der Anmeldung ausdr\u00fccklich als Empfehlende:n angeben (z. B. durch Namens- oder E-Mail-Angabe). Nur dann kann die Empfehlung dem Empfehlungsprogramm zugeordnet werden. Nach Angabe deines Namens erh\u00e4ltst du von uns eine E-Mail zur Best\u00e4tigung der [&hellip;]","og_url":"https:\/\/impactschool.de\/tr\/teilnahmebedingungen-freunde-werben-werben\/","og_site_name":"SIS Social Impact School GmbH","article_modified_time":"2026-03-02T15:11:36+00:00","twitter_card":"summary_large_image","twitter_misc":{"Tahmini okuma s\u00fcresi":"3 dakika"},"schema":{"@context":"https:\/\/schema.org","@graph":[{"@type":"WebPage","@id":"https:\/\/impactschool.de\/en\/teilnahmebedingungen-freunde-werben-werben\/","url":"https:\/\/impactschool.de\/en\/teilnahmebedingungen-freunde-werben-werben\/","name":"Teilnahmebedingungen Freunde werben - SIS Social Impact School GmbH","isPartOf":{"@id":"https:\/\/impactschool.de\/en\/#website"},"datePublished":"2026-02-12T17:31:17+00:00","dateModified":"2026-03-02T15:11:36+00:00","breadcrumb":{"@id":"https:\/\/impactschool.de\/en\/teilnahmebedingungen-freunde-werben-werben\/#breadcrumb"},"inLanguage":"tr","potentialAction":[{"@type":"ReadAction","target":["https:\/\/impactschool.de\/en\/teilnahmebedingungen-freunde-werben-werben\/"]}]},{"@type":"BreadcrumbList","@id":"https:\/\/impactschool.de\/en\/teilnahmebedingungen-freunde-werben-werben\/#breadcrumb","itemListElement":[{"@type":"ListItem","position":1,"name":"Home","item":"https:\/\/impactschool.de\/"},{"@type":"ListItem","position":2,"name":"Teilnahmebedingungen Freunde werben"}]},{"@type":"WebSite","@id":"https:\/\/impactschool.de\/en\/#website","url":"https:\/\/impactschool.de\/en\/","name":"SIS Social Impact School GmbH","description":"SIS Social Impact School GmbH","publisher":{"@id":"https:\/\/impactschool.de\/en\/#organization"},"potentialAction":[{"@type":"SearchAction","target":{"@type":"EntryPoint","urlTemplate":"https:\/\/impactschool.de\/en\/?s={search_term_string}"},"query-input":{"@type":"PropertyValueSpecification","valueRequired":true,"valueName":"search_term_string"}}],"inLanguage":"tr"},{"@type":"Organization","@id":"https:\/\/impactschool.de\/en\/#organization","name":"SIS Social Impact School GmbH","url":"https:\/\/impactschool.de\/en\/","logo":{"@type":"ImageObject","inLanguage":"tr","@id":"https:\/\/impactschool.de\/en\/#\/schema\/logo\/image\/","url":"https:\/\/impactschool.de\/wp-content\/uploads\/2026\/03\/Impact-School-Logo.png","contentUrl":"https:\/\/impactschool.de\/wp-content\/uploads\/2026\/03\/Impact-School-Logo.png","width":1300,"height":1300,"caption":"SIS Social Impact School GmbH"},"image":{"@id":"https:\/\/impactschool.de\/en\/#\/schema\/logo\/image\/"},"sameAs":["https:\/\/de.linkedin.com\/company\/social-impact-school","https:\/\/www.instagram.com\/impactschool.de"]}]}},"_hostinger_reach_plugin_has_subscription_block":false,"_hostinger_reach_plugin_is_elementor":false,"_links":{"self":[{"href":"https:\/\/impactschool.de\/tr\/wp-json\/wp\/v2\/pages\/428","targetHints":{"allow":["GET"]}}],"collection":[{"href":"https:\/\/impactschool.de\/tr\/wp-json\/wp\/v2\/pages"}],"about":[{"href":"https:\/\/impactschool.de\/tr\/wp-json\/wp\/v2\/types\/page"}],"author":[{"embeddable":true,"href":"https:\/\/impactschool.de\/tr\/wp-json\/wp\/v2\/users\/2"}],"replies":[{"embeddable":true,"href":"https:\/\/impactschool.de\/tr\/wp-json\/wp\/v2\/comments?post=428"}],"version-history":[{"count":4,"href":"https:\/\/impactschool.de\/tr\/wp-json\/wp\/v2\/pages\/428\/revisions"}],"predecessor-version":[{"id":1061,"href":"https:\/\/impactschool.de\/tr\/wp-json\/wp\/v2\/pages\/428\/revisions\/1061"}],"wp:attachment":[{"href":"https:\/\/impactschool.de\/tr\/wp-json\/wp\/v2\/media?parent=428"}],"curies":[{"name":"wp","href":"https:\/\/api.w.org\/{rel}","templated":true}]}}