{"id":442,"date":"2026-02-12T19:35:03","date_gmt":"2026-02-12T17:35:03","guid":{"rendered":"https:\/\/impactschool.de\/?page_id=442"},"modified":"2026-03-03T15:32:27","modified_gmt":"2026-03-03T13:32:27","slug":"referral","status":"publish","type":"page","link":"https:\/\/impactschool.de\/tr\/referral\/","title":{"rendered":"Y\u00f6nlendirme"},"content":{"rendered":"<div data-elementor-type=\"wp-page\" data-elementor-id=\"442\" class=\"elementor elementor-442\" data-elementor-post-type=\"page\">\n\t\t\t\t<div class=\"elementor-element elementor-element-f30d46a e-flex e-con-boxed e-con e-parent\" data-id=\"f30d46a\" data-element_type=\"container\" data-e-type=\"container\">\n\t\t\t\t\t<div class=\"e-con-inner\">\n\t\t\t\t<div class=\"elementor-element elementor-element-f2cb150 elementor-widget__width-initial elementor-widget elementor-widget-heading\" data-id=\"f2cb150\" data-element_type=\"widget\" data-e-type=\"widget\" data-widget_type=\"heading.default\">\n\t\t\t\t<div class=\"elementor-widget-container\">\n\t\t\t\t\t<h1 class=\"elementor-heading-title elementor-size-default\">Arkada\u015f\u0131n\u0131 Getir, Arkada\u015f\u0131n\u0131 Getir - <br>ve hep birlikte kazanal\u0131m! \ud83c\udf89<\/h1>\t\t\t\t<\/div>\n\t\t\t\t<\/div>\n\t\t\t\t\t<\/div>\n\t\t\t\t<\/div>\n\t\t<div class=\"elementor-element elementor-element-ad3b416 e-grid e-con-boxed e-con e-parent\" data-id=\"ad3b416\" data-element_type=\"container\" data-e-type=\"container\">\n\t\t\t\t\t<div class=\"e-con-inner\">\n\t\t<div class=\"elementor-element elementor-element-72585fb e-con-full e-flex e-con e-child\" data-id=\"72585fb\" data-element_type=\"container\" data-e-type=\"container\">\n\t\t\t\t<div class=\"elementor-element elementor-element-67fc716 elementor-widget__width-initial elementor-widget elementor-widget-text-editor\" data-id=\"67fc716\" data-element_type=\"widget\" data-e-type=\"widget\" data-widget_type=\"text-editor.default\">\n\t\t\t\t<div class=\"elementor-widget-container\">\n\t\t\t\t\t\t\t\t\t<p><strong>Impact School'a inan\u0131yor musun? \u00d6yleyse deneyimini payla\u015f \u2013 ve hem kendin hem de arkada\u015f\u0131n i\u00e7in 250'\u015fer \u20ac prim kazan!<\/strong><\/p><h3><strong>Bu kadar kolay<\/strong><\/h3><p><strong>1. Bizi tavsiye edin<\/strong><br \/>Yeni bir ba\u015flang\u0131\u00e7 arayan, sosyal, e\u011fitsel veya bak\u0131m alan\u0131nda deneyimi olan birini tan\u0131yor musunuz?<\/p><p><strong>2. Tavsiyen \u00d6nemlidir<\/strong><br \/>\u00d6nerdi\u011fin ki\u015fi kursumuza ba\u015flad\u0131\u011f\u0131nda, hem sen hem de \u00f6nerdi\u011fin ki\u015fi 250 \u20ac kazan\u0131rs\u0131n\u0131z.<\/p><p><strong>3. Hediye \u00c7eki<\/strong><br \/>\u00d6d\u00fcl\u00fc, istedi\u011fin gibi kullanabilece\u011fin bir hediye \u00e7eki olarak al.<\/p>\t\t\t\t\t\t\t\t<\/div>\n\t\t\t\t<\/div>\n\t\t\t\t<div class=\"elementor-element elementor-element-feef2b6 elementor-widget elementor-widget-button\" data-id=\"feef2b6\" data-element_type=\"widget\" data-e-type=\"widget\" data-widget_type=\"button.default\">\n\t\t\t\t<div class=\"elementor-widget-container\">\n\t\t\t\t\t\t\t\t\t<div class=\"elementor-button-wrapper\">\n\t\t\t\t\t<a class=\"elementor-button elementor-button-link elementor-size-sm\" href=\"https:\/\/weiterbildung.impactschool.de\/webseite-referral\">\n\t\t\t\t\t\t<span class=\"elementor-button-content-wrapper\">\n\t\t\t\t\t\t\t\t\t<span class=\"elementor-button-text\">\u015eimdi arkada\u015f davet et<\/span>\n\t\t\t\t\t<\/span>\n\t\t\t\t\t<\/a>\n\t\t\t\t<\/div>\n\t\t\t\t\t\t\t\t<\/div>\n\t\t\t\t<\/div>\n\t\t\t\t<div class=\"elementor-element elementor-element-136fb76 elementor-widget elementor-widget-heading\" data-id=\"136fb76\" data-element_type=\"widget\" data-e-type=\"widget\" data-widget_type=\"heading.default\">\n\t\t\t\t<div class=\"elementor-widget-container\">\n\t\t\t\t\t<div class=\"elementor-heading-title elementor-size-default\"><a href=\"https:\/\/impactschool.de\/tr\/teilnahmebedingungen-freunde-werben-werben\/\">Kat\u0131l\u0131m Ko\u015fullar\u0131<\/a><\/div>\t\t\t\t<\/div>\n\t\t\t\t<\/div>\n\t\t\t\t<\/div>\n\t\t\t\t<div class=\"elementor-element elementor-element-a2093a3 elementor-widget elementor-widget-image\" data-id=\"a2093a3\" data-element_type=\"widget\" data-e-type=\"widget\" data-widget_type=\"image.default\">\n\t\t\t\t<div class=\"elementor-widget-container\">\n\t\t\t\t\t\t\t\t\t\t\t\t\t\t\t<img fetchpriority=\"high\" decoding=\"async\" width=\"768\" height=\"512\" src=\"https:\/\/impactschool.de\/wp-content\/uploads\/2026\/03\/AdobeStock_431669513-2048x1366-1-768x512.jpeg\" class=\"attachment-medium_large size-medium_large wp-image-986\" alt=\"\" srcset=\"https:\/\/impactschool.de\/wp-content\/uploads\/2026\/03\/AdobeStock_431669513-2048x1366-1-768x512.jpeg 768w, https:\/\/impactschool.de\/wp-content\/uploads\/2026\/03\/AdobeStock_431669513-2048x1366-1-300x200.jpeg 300w, https:\/\/impactschool.de\/wp-content\/uploads\/2026\/03\/AdobeStock_431669513-2048x1366-1-1024x683.jpeg 1024w, https:\/\/impactschool.de\/wp-content\/uploads\/2026\/03\/AdobeStock_431669513-2048x1366-1-1536x1025.jpeg 1536w, https:\/\/impactschool.de\/wp-content\/uploads\/2026\/03\/AdobeStock_431669513-2048x1366-1-18x12.jpeg 18w, https:\/\/impactschool.de\/wp-content\/uploads\/2026\/03\/AdobeStock_431669513-2048x1366-1.jpeg 2048w\" sizes=\"(max-width: 768px) 100vw, 768px\" \/>\t\t\t\t\t\t\t\t\t\t\t\t\t\t\t<\/div>\n\t\t\t\t<\/div>\n\t\t\t\t\t<\/div>\n\t\t\t\t<\/div>\n\t\t\t\t<\/div>","protected":false},"excerpt":{"rendered":"<p>Freunde werben Freunde \u2013 und gemeinsam profitieren! \ud83c\udf89 Du bist \u00fcberzeugt von der Impact School? Dann teile deine Erfahrung weiter \u2013 und sichere dir und deinem Freund oder deiner Freundin jeweils 250\u202f\u20ac Pr\u00e4mie! So einfach geht\u2019s 1. Empfiehl uns weiterKennst du jemanden, der auch einen Neustart sucht? Jemanden mit einem sozialen, p\u00e4dagogischen oder pflegerischen Hintergrund? [&hellip;]<\/p>\n","protected":false},"author":2,"featured_media":0,"parent":0,"menu_order":0,"comment_status":"closed","ping_status":"closed","template":"","meta":{"_acf_changed":false,"footnotes":""},"class_list":["post-442","page","type-page","status-publish","hentry"],"acf":[],"yoast_head":"<!-- This site is optimized with the Yoast SEO plugin v27.4 - https:\/\/yoast.com\/product\/yoast-seo-wordpress\/ -->\n<title>Referral - SIS Social Impact School GmbH<\/title>\n<meta name=\"robots\" content=\"index, follow, max-snippet:-1, max-image-preview:large, max-video-preview:-1\" \/>\n<link rel=\"canonical\" href=\"https:\/\/impactschool.de\/tr\/referral\/\" \/>\n<meta property=\"og:locale\" content=\"tr_TR\" \/>\n<meta property=\"og:type\" content=\"article\" \/>\n<meta property=\"og:title\" content=\"Referral - SIS Social Impact School GmbH\" \/>\n<meta property=\"og:description\" content=\"Freunde werben Freunde \u2013 und gemeinsam profitieren! \ud83c\udf89 Du bist \u00fcberzeugt von der Impact School? Dann teile deine Erfahrung weiter \u2013 und sichere dir und deinem Freund oder deiner Freundin jeweils 250\u202f\u20ac Pr\u00e4mie! So einfach geht\u2019s 1. Empfiehl uns weiterKennst du jemanden, der auch einen Neustart sucht? Jemanden mit einem sozialen, p\u00e4dagogischen oder pflegerischen Hintergrund? [&hellip;]\" \/>\n<meta property=\"og:url\" content=\"https:\/\/impactschool.de\/tr\/referral\/\" \/>\n<meta property=\"og:site_name\" content=\"SIS Social Impact School GmbH\" \/>\n<meta property=\"article:modified_time\" content=\"2026-03-03T13:32:27+00:00\" \/>\n<meta property=\"og:image\" content=\"https:\/\/impactschool.de\/wp-content\/uploads\/2026\/03\/AdobeStock_431669513-2048x1366-1-768x512.jpeg\" \/>\n<meta name=\"twitter:card\" content=\"summary_large_image\" \/>\n<meta name=\"twitter:label1\" content=\"Tahmini okuma s\u00fcresi\" \/>\n\t<meta name=\"twitter:data1\" content=\"1 dakika\" \/>\n<script type=\"application\/ld+json\" class=\"yoast-schema-graph\">{\"@context\":\"https:\\\/\\\/schema.org\",\"@graph\":[{\"@type\":\"WebPage\",\"@id\":\"https:\\\/\\\/impactschool.de\\\/referral\\\/\",\"url\":\"https:\\\/\\\/impactschool.de\\\/referral\\\/\",\"name\":\"Referral - SIS Social Impact School GmbH\",\"isPartOf\":{\"@id\":\"https:\\\/\\\/impactschool.de\\\/en\\\/#website\"},\"primaryImageOfPage\":{\"@id\":\"https:\\\/\\\/impactschool.de\\\/referral\\\/#primaryimage\"},\"image\":{\"@id\":\"https:\\\/\\\/impactschool.de\\\/referral\\\/#primaryimage\"},\"thumbnailUrl\":\"https:\\\/\\\/impactschool.de\\\/wp-content\\\/uploads\\\/2026\\\/03\\\/AdobeStock_431669513-2048x1366-1-768x512.jpeg\",\"datePublished\":\"2026-02-12T17:35:03+00:00\",\"dateModified\":\"2026-03-03T13:32:27+00:00\",\"breadcrumb\":{\"@id\":\"https:\\\/\\\/impactschool.de\\\/referral\\\/#breadcrumb\"},\"inLanguage\":\"tr\",\"potentialAction\":[{\"@type\":\"ReadAction\",\"target\":[\"https:\\\/\\\/impactschool.de\\\/referral\\\/\"]}]},{\"@type\":\"ImageObject\",\"inLanguage\":\"tr\",\"@id\":\"https:\\\/\\\/impactschool.de\\\/referral\\\/#primaryimage\",\"url\":\"https:\\\/\\\/impactschool.de\\\/wp-content\\\/uploads\\\/2026\\\/03\\\/AdobeStock_431669513-2048x1366-1-768x512.jpeg\",\"contentUrl\":\"https:\\\/\\\/impactschool.de\\\/wp-content\\\/uploads\\\/2026\\\/03\\\/AdobeStock_431669513-2048x1366-1-768x512.jpeg\"},{\"@type\":\"BreadcrumbList\",\"@id\":\"https:\\\/\\\/impactschool.de\\\/referral\\\/#breadcrumb\",\"itemListElement\":[{\"@type\":\"ListItem\",\"position\":1,\"name\":\"Home\",\"item\":\"https:\\\/\\\/impactschool.de\\\/\"},{\"@type\":\"ListItem\",\"position\":2,\"name\":\"Referral\"}]},{\"@type\":\"WebSite\",\"@id\":\"https:\\\/\\\/impactschool.de\\\/en\\\/#website\",\"url\":\"https:\\\/\\\/impactschool.de\\\/en\\\/\",\"name\":\"SIS Social Impact School GmbH\",\"description\":\"SIS Social Impact School GmbH\",\"publisher\":{\"@id\":\"https:\\\/\\\/impactschool.de\\\/en\\\/#organization\"},\"potentialAction\":[{\"@type\":\"SearchAction\",\"target\":{\"@type\":\"EntryPoint\",\"urlTemplate\":\"https:\\\/\\\/impactschool.de\\\/en\\\/?s={search_term_string}\"},\"query-input\":{\"@type\":\"PropertyValueSpecification\",\"valueRequired\":true,\"valueName\":\"search_term_string\"}}],\"inLanguage\":\"tr\"},{\"@type\":\"Organization\",\"@id\":\"https:\\\/\\\/impactschool.de\\\/en\\\/#organization\",\"name\":\"SIS Social Impact School GmbH\",\"url\":\"https:\\\/\\\/impactschool.de\\\/en\\\/\",\"logo\":{\"@type\":\"ImageObject\",\"inLanguage\":\"tr\",\"@id\":\"https:\\\/\\\/impactschool.de\\\/en\\\/#\\\/schema\\\/logo\\\/image\\\/\",\"url\":\"https:\\\/\\\/impactschool.de\\\/wp-content\\\/uploads\\\/2026\\\/03\\\/Impact-School-Logo.png\",\"contentUrl\":\"https:\\\/\\\/impactschool.de\\\/wp-content\\\/uploads\\\/2026\\\/03\\\/Impact-School-Logo.png\",\"width\":1300,\"height\":1300,\"caption\":\"SIS Social Impact School GmbH\"},\"image\":{\"@id\":\"https:\\\/\\\/impactschool.de\\\/en\\\/#\\\/schema\\\/logo\\\/image\\\/\"},\"sameAs\":[\"https:\\\/\\\/de.linkedin.com\\\/company\\\/social-impact-school\",\"https:\\\/\\\/www.instagram.com\\\/impactschool.de\"]}]}<\/script>\n<!-- \/ Yoast SEO plugin. -->","yoast_head_json":{"title":"Referral - SIS Social Impact School GmbH","robots":{"index":"index","follow":"follow","max-snippet":"max-snippet:-1","max-image-preview":"max-image-preview:large","max-video-preview":"max-video-preview:-1"},"canonical":"https:\/\/impactschool.de\/tr\/referral\/","og_locale":"tr_TR","og_type":"article","og_title":"Referral - SIS Social Impact School GmbH","og_description":"Freunde werben Freunde \u2013 und gemeinsam profitieren! \ud83c\udf89 Du bist \u00fcberzeugt von der Impact School? Dann teile deine Erfahrung weiter \u2013 und sichere dir und deinem Freund oder deiner Freundin jeweils 250\u202f\u20ac Pr\u00e4mie! So einfach geht\u2019s 1. Empfiehl uns weiterKennst du jemanden, der auch einen Neustart sucht? Jemanden mit einem sozialen, p\u00e4dagogischen oder pflegerischen Hintergrund? [&hellip;]","og_url":"https:\/\/impactschool.de\/tr\/referral\/","og_site_name":"SIS Social Impact School GmbH","article_modified_time":"2026-03-03T13:32:27+00:00","og_image":[{"url":"https:\/\/impactschool.de\/wp-content\/uploads\/2026\/03\/AdobeStock_431669513-2048x1366-1-768x512.jpeg","type":"","width":"","height":""}],"twitter_card":"summary_large_image","twitter_misc":{"Tahmini okuma s\u00fcresi":"1 dakika"},"schema":{"@context":"https:\/\/schema.org","@graph":[{"@type":"WebPage","@id":"https:\/\/impactschool.de\/referral\/","url":"https:\/\/impactschool.de\/referral\/","name":"Referral - SIS Social Impact School GmbH","isPartOf":{"@id":"https:\/\/impactschool.de\/en\/#website"},"primaryImageOfPage":{"@id":"https:\/\/impactschool.de\/referral\/#primaryimage"},"image":{"@id":"https:\/\/impactschool.de\/referral\/#primaryimage"},"thumbnailUrl":"https:\/\/impactschool.de\/wp-content\/uploads\/2026\/03\/AdobeStock_431669513-2048x1366-1-768x512.jpeg","datePublished":"2026-02-12T17:35:03+00:00","dateModified":"2026-03-03T13:32:27+00:00","breadcrumb":{"@id":"https:\/\/impactschool.de\/referral\/#breadcrumb"},"inLanguage":"tr","potentialAction":[{"@type":"ReadAction","target":["https:\/\/impactschool.de\/referral\/"]}]},{"@type":"ImageObject","inLanguage":"tr","@id":"https:\/\/impactschool.de\/referral\/#primaryimage","url":"https:\/\/impactschool.de\/wp-content\/uploads\/2026\/03\/AdobeStock_431669513-2048x1366-1-768x512.jpeg","contentUrl":"https:\/\/impactschool.de\/wp-content\/uploads\/2026\/03\/AdobeStock_431669513-2048x1366-1-768x512.jpeg"},{"@type":"BreadcrumbList","@id":"https:\/\/impactschool.de\/referral\/#breadcrumb","itemListElement":[{"@type":"ListItem","position":1,"name":"Home","item":"https:\/\/impactschool.de\/"},{"@type":"ListItem","position":2,"name":"Referral"}]},{"@type":"WebSite","@id":"https:\/\/impactschool.de\/en\/#website","url":"https:\/\/impactschool.de\/en\/","name":"SIS Social Impact School GmbH","description":"SIS Social Impact School GmbH","publisher":{"@id":"https:\/\/impactschool.de\/en\/#organization"},"potentialAction":[{"@type":"SearchAction","target":{"@type":"EntryPoint","urlTemplate":"https:\/\/impactschool.de\/en\/?s={search_term_string}"},"query-input":{"@type":"PropertyValueSpecification","valueRequired":true,"valueName":"search_term_string"}}],"inLanguage":"tr"},{"@type":"Organization","@id":"https:\/\/impactschool.de\/en\/#organization","name":"SIS Social Impact School GmbH","url":"https:\/\/impactschool.de\/en\/","logo":{"@type":"ImageObject","inLanguage":"tr","@id":"https:\/\/impactschool.de\/en\/#\/schema\/logo\/image\/","url":"https:\/\/impactschool.de\/wp-content\/uploads\/2026\/03\/Impact-School-Logo.png","contentUrl":"https:\/\/impactschool.de\/wp-content\/uploads\/2026\/03\/Impact-School-Logo.png","width":1300,"height":1300,"caption":"SIS Social Impact School GmbH"},"image":{"@id":"https:\/\/impactschool.de\/en\/#\/schema\/logo\/image\/"},"sameAs":["https:\/\/de.linkedin.com\/company\/social-impact-school","https:\/\/www.instagram.com\/impactschool.de"]}]}},"_hostinger_reach_plugin_has_subscription_block":false,"_hostinger_reach_plugin_is_elementor":false,"_links":{"self":[{"href":"https:\/\/impactschool.de\/tr\/wp-json\/wp\/v2\/pages\/442","targetHints":{"allow":["GET"]}}],"collection":[{"href":"https:\/\/impactschool.de\/tr\/wp-json\/wp\/v2\/pages"}],"about":[{"href":"https:\/\/impactschool.de\/tr\/wp-json\/wp\/v2\/types\/page"}],"author":[{"embeddable":true,"href":"https:\/\/impactschool.de\/tr\/wp-json\/wp\/v2\/users\/2"}],"replies":[{"embeddable":true,"href":"https:\/\/impactschool.de\/tr\/wp-json\/wp\/v2\/comments?post=442"}],"version-history":[{"count":13,"href":"https:\/\/impactschool.de\/tr\/wp-json\/wp\/v2\/pages\/442\/revisions"}],"predecessor-version":[{"id":1130,"href":"https:\/\/impactschool.de\/tr\/wp-json\/wp\/v2\/pages\/442\/revisions\/1130"}],"wp:attachment":[{"href":"https:\/\/impactschool.de\/tr\/wp-json\/wp\/v2\/media?parent=442"}],"curies":[{"name":"wp","href":"https:\/\/api.w.org\/{rel}","templated":true}]}}