{"id":1840,"date":"2026-04-15T08:53:28","date_gmt":"2026-04-15T06:53:28","guid":{"rendered":"https:\/\/impactschool.de\/?page_id=1840"},"modified":"2026-04-15T08:54:21","modified_gmt":"2026-04-15T06:54:21","slug":"formular-bewerbung-fachkraft-fuer-gesundheits-und-sozialdienstleistungen","status":"publish","type":"page","link":"https:\/\/impactschool.de\/uk\/formular-bewerbung-fachkraft-fuer-gesundheits-und-sozialdienstleistungen\/","title":{"rendered":"Formular Bewerbung | Fachkraft f\u00fcr Gesundheits- und Sozialdienstleistungen"},"content":{"rendered":"\t\t<div data-elementor-type=\"wp-page\" data-elementor-id=\"1840\" class=\"elementor elementor-1840\" data-elementor-post-type=\"page\">\n\t\t\t\t<div class=\"elementor-element elementor-element-78ab9b0 e-flex e-con-boxed e-con e-parent\" data-id=\"78ab9b0\" data-element_type=\"container\" data-e-type=\"container\">\n\t\t\t\t\t<div class=\"e-con-inner\">\n\t\t\t\t<div class=\"elementor-element elementor-element-b411422 fluent-form-widget-step-header-yes fluent-form-widget-step-progressbar-yes fluentform-widget-submit-button-custom elementor-widget elementor-widget-fluent-form-widget\" data-id=\"b411422\" data-element_type=\"widget\" data-e-type=\"widget\" data-widget_type=\"fluent-form-widget.default\">\n\t\t\t\t<div class=\"elementor-widget-container\">\n\t\t\t\t\t\n            <div class=\"fluentform-widget-wrapper fluentform-widget-align-default\">\n\n            \n            <div class='fluentform ff-default fluentform_wrapper_9 ffs_default_wrap'><form data-form_id=\"9\" id=\"fluentform_9\" class=\"frm-fluent-form fluent_form_9 ff-el-form-top ff_form_instance_9_1 ff-form-loading ffs_default\" data-form_instance=\"ff_form_instance_9_1\" method=\"POST\" ><fieldset  style=\"border: none!important;margin: 0!important;padding: 0!important;background-color: transparent!important;box-shadow: none!important;outline: none!important; min-inline-size: 100%;\">\n                    <legend class=\"ff_screen_reader_title\" style=\"display: block; margin: 0!important;padding: 0!important;height: 0!important;text-indent: -999999px;width: 0!important;overflow:hidden;\">Bewerbung | Fachkraft f\u00fcr Gesundheits- und Sozialdienstleistungen (IHK) (Selbstzahler)<\/legend>        <div\n                style=\"display: none!important; position: absolute!important; transform: translateX(1000%)!important;\"\n                class=\"ff-el-group ff-hpsf-container\"\n        >\n            <div class=\"ff-el-input--label asterisk-right\">\n                <label for=\"ff_9_item_sf\" aria-label=\"Updates\">\n                    Updates                <\/label>\n            <\/div>\n            <div class=\"ff-el-input--content\">\n                <input type=\"text\"\n                       name=\"item_9__fluent_sf\"\n                       class=\"ff-el-form-control\"\n                       id=\"ff_9_item_sf\"\n                \/>\n            <\/div>\n        <\/div>\n        <input type='hidden' name='__fluent_form_embded_post_id' value='1840' \/><input type=\"hidden\" id=\"_fluentform_9_fluentformnonce\" name=\"_fluentform_9_fluentformnonce\" value=\"4895171edd\" \/><input type=\"hidden\" name=\"_wp_http_referer\" value=\"\/uk\/wp-json\/wp\/v2\/pages\/1840\" \/><div data-type=\"name-element\" data-name=\"names\" class=\" ff-field_container ff-name-field-wrapper\" ><div class='ff-t-container'><div class='ff-t-cell '><div class='ff-el-group'><div class=\"ff-el-input--label ff-el-is-required asterisk-right\"><label for='ff_9_names_first_name_' id='label_ff_9_names_first_name_' >Vorname<\/label><\/div><div class='ff-el-input--content'><input type=\"text\" name=\"names[first_name]\" id=\"ff_9_names_first_name_\" class=\"ff-el-form-control\" placeholder=\"Vorname\" aria-invalid=\"false\" aria-required=true><\/div><\/div><\/div><div class='ff-t-cell '><div class='ff-el-group'><div class=\"ff-el-input--label ff-el-is-required asterisk-right\"><label for='ff_9_names_last_name_' id='label_ff_9_names_last_name_' >Nachname<\/label><\/div><div class='ff-el-input--content'><input type=\"text\" name=\"names[last_name]\" id=\"ff_9_names_last_name_\" class=\"ff-el-form-control\" placeholder=\"Nachname\" aria-invalid=\"false\" aria-required=true><\/div><\/div><\/div><\/div><\/div><div class='ff-el-group'><div class=\"ff-el-input--label ff-el-is-required asterisk-right\"><label for='ff_9_email' id='label_ff_9_email' aria-label=\"E-Mail-Adresse\">E-Mail-Adresse<\/label><\/div><div class='ff-el-input--content'><input type=\"email\" name=\"email\" id=\"ff_9_email\" class=\"ff-el-form-control\" placeholder=\"E-Mail\" data-name=\"email\"  aria-invalid=\"false\" aria-required=true><\/div><\/div><div class='ff-el-group'><div class=\"ff-el-input--label ff-el-is-required asterisk-right\"><label for='ff_9_Telefonnummer' id='label_ff_9_Telefonnummer' aria-label=\"Telefonnummer\">Telefonnummer<\/label><\/div><div class='ff-el-input--content'><input name=\"Telefonnummer\" class=\"ff-el-form-control ff-el-phone ff_el_with_extended_validation\" type=\"tel\" placeholder=\"Mobilnummer\" data-name=\"Telefonnummer\" id=\"ff_9_Telefonnummer\" inputmode=\"tel\"  aria-invalid='false' aria-required=true><\/div><\/div><div class='ff-el-group'><div class=\"ff-el-input--label ff-el-is-required asterisk-right\"><label   aria-label=\"Wie m\u00f6chtest du bevorzugt erreicht werden?\">Wie m\u00f6chtest du bevorzugt erreicht werden?<\/label><\/div><div class='ff-el-input--content'><div class='ff-el-form-check ff-el-form-check-'><label class='ff-el-form-check-label' for='input_radio_ccc69da70b39e8bed6b65d13683d1fdd'><input  type=\"radio\" name=\"input_radio\" data-name=\"input_radio\" class=\"ff-el-form-check-input ff-el-form-check-radio\" value=\"Unkompliziert per WhatsApp und Telefon\"  id='input_radio_ccc69da70b39e8bed6b65d13683d1fdd' aria-label='Unkompliziert per WhatsApp und Telefon' aria-invalid='false' aria-required=true> <span>Unkompliziert per WhatsApp und Telefon<\/span><\/label><\/div><div class='ff-el-form-check ff-el-form-check-'><label class='ff-el-form-check-label' for='input_radio_c45817366005ca3416015b1b211f5a52'><input  type=\"radio\" name=\"input_radio\" data-name=\"input_radio\" class=\"ff-el-form-check-input ff-el-form-check-radio\" value=\"Anruf &amp; E-Mail\"  id='input_radio_c45817366005ca3416015b1b211f5a52' aria-label='Anruf &amp; E-Mail' aria-invalid='false' aria-required=true> <span>Anruf &amp; E-Mail<\/span><\/label><\/div><\/div><\/div><div class='ff-el-group    ff-el-input--content'><div class='ff-el-form-check ff-el-tc'><label aria-label='Ich bin damit einverstanden, dass diese Website meine eingereichten Informationen speichert, damit sie auf meine Anfrage antworten k\u00f6nnen' class='ff-el-form-check-label ff_tc_label' for=gdpr-agreement_544158e74278234116ca31b5291bbdd0><span class='ff_tc_checkbox'><input type=\"checkbox\" name=\"gdpr-agreement\" class=\"ff-el-form-check-input ff_gdpr_field\" data-name=\"gdpr-agreement\" id=\"gdpr-agreement_544158e74278234116ca31b5291bbdd0\"  value='on' aria-invalid='false' aria-required=true><\/span> <div class='ff_t_c'>Ich bin damit einverstanden, dass diese Website meine eingereichten Informationen speichert, damit sie auf meine Anfrage antworten k\u00f6nnen<\/div><\/label><\/div><\/div><div class='ff-el-group ff-text-left ff_submit_btn_wrapper'><button type=\"submit\" class=\"ff-btn ff-btn-submit ff-btn-md ff_btn_style\"  aria-label=\"Anfrage senden\">Anfrage senden<\/button><\/div><\/fieldset><\/form><div id='fluentform_9_errors' class='ff-errors-in-stack ff_form_instance_9_1 ff-form-loading_errors ff_form_instance_9_1_errors'><\/div><\/div>            <script type=\"text\/javascript\">\n                window.fluent_form_ff_form_instance_9_1 = {\"id\":\"9\",\"settings\":{\"layout\":{\"labelPlacement\":\"top\",\"asteriskPlacement\":\"asterisk-right\",\"helpMessagePlacement\":\"with_label\",\"errorMessagePlacement\":\"inline\",\"cssClassName\":\"\"},\"restrictions\":{\"denyEmptySubmission\":{\"enabled\":false}}},\"form_instance\":\"ff_form_instance_9_1\",\"form_id_selector\":\"fluentform_9\",\"rules\":{\"names[first_name]\":{\"required\":{\"value\":true,\"message\":\"Dieses Feld ist erforderlich\",\"global\":true,\"global_message\":\"Dieses Feld ist erforderlich\"}},\"names[middle_name]\":{\"required\":{\"value\":false,\"message\":\"Dieses Feld ist erforderlich\",\"global\":true,\"global_message\":\"Dieses Feld ist erforderlich\"}},\"names[last_name]\":{\"required\":{\"value\":true,\"message\":\"Dieses Feld ist erforderlich\",\"global\":true,\"global_message\":\"Dieses Feld ist erforderlich\"}},\"email\":{\"required\":{\"value\":true,\"message\":\"Dieses Feld ist erforderlich\",\"global\":true,\"global_message\":\"Dieses Feld ist erforderlich\"},\"email\":{\"value\":true,\"message\":\"Dieses Feld muss eine g\\u00fcltige E-Mail-Adresse enthalten\",\"global\":true,\"global_message\":\"Dieses Feld muss eine g\\u00fcltige E-Mail-Adresse enthalten\"}},\"Telefonnummer\":{\"required\":{\"value\":true,\"global\":true,\"message\":\"Dieses Feld ist erforderlich\",\"global_message\":\"Dieses Feld ist erforderlich\"},\"valid_phone_number\":{\"value\":true,\"global\":true,\"message\":\"Telefonnummer ist ung\\u00fcltig\",\"global_message\":\"Telefonnummer ist ung\\u00fcltig\"}},\"input_radio\":{\"required\":{\"value\":true,\"message\":\"Dieses Feld ist erforderlich\",\"global_message\":\"Dieses Feld ist erforderlich\",\"global\":true}},\"gdpr-agreement\":{\"required\":{\"value\":true,\"message\":\"Dieses Feld ist erforderlich\",\"global_message\":\"Dieses Feld ist erforderlich\",\"global\":true}}},\"debounce_time\":300};\n                            <\/script>\n                        <\/div>\n\n            \t\t\t\t<\/div>\n\t\t\t\t<\/div>\n\t\t\t\t\t<\/div>\n\t\t\t\t<\/div>\n\t\t\t\t<\/div>\n\t\t","protected":false},"excerpt":{"rendered":"<p>Bewerbung | Fachkraft f\u00fcr Gesundheits- und Sozialdienstleistungen (IHK) (Selbstzahler) Subscribe VornameNachnameE-Mail-AdresseTelefonnummerWie m\u00f6chtest du bevorzugt erreicht werden? Unkompliziert per WhatsApp und Telefon Anruf &amp; E-Mail Ich bin damit einverstanden, dass diese Website meine eingereichten Informationen speichert, damit sie auf meine Anfrage antworten k\u00f6nnenAnfrage senden<\/p>","protected":false},"author":2,"featured_media":0,"parent":0,"menu_order":0,"comment_status":"closed","ping_status":"closed","template":"","meta":{"_acf_changed":false,"footnotes":""},"class_list":["post-1840","page","type-page","status-publish","hentry"],"acf":[],"yoast_head":"<!-- This site is optimized with the Yoast SEO plugin v27.4 - https:\/\/yoast.com\/product\/yoast-seo-wordpress\/ -->\n<title>Formular Bewerbung | Fachkraft f\u00fcr Gesundheits- und Sozialdienstleistungen - SIS Social Impact School GmbH<\/title>\n<meta name=\"robots\" content=\"index, follow, max-snippet:-1, max-image-preview:large, max-video-preview:-1\" \/>\n<link rel=\"canonical\" href=\"https:\/\/impactschool.de\/uk\/formular-bewerbung-fachkraft-fuer-gesundheits-und-sozialdienstleistungen\/\" \/>\n<meta property=\"og:locale\" content=\"uk_UA\" \/>\n<meta property=\"og:type\" content=\"article\" \/>\n<meta property=\"og:title\" content=\"Formular Bewerbung | Fachkraft f\u00fcr Gesundheits- und Sozialdienstleistungen - SIS Social Impact School GmbH\" \/>\n<meta property=\"og:description\" content=\"Bewerbung | Fachkraft f\u00fcr Gesundheits- und Sozialdienstleistungen (IHK) (Selbstzahler) Subscribe VornameNachnameE-Mail-AdresseTelefonnummerWie m\u00f6chtest du bevorzugt erreicht werden? Unkompliziert per WhatsApp und Telefon Anruf &amp; E-Mail Ich bin damit einverstanden, dass diese Website meine eingereichten Informationen speichert, damit sie auf meine Anfrage antworten k\u00f6nnenAnfrage senden\" \/>\n<meta property=\"og:url\" content=\"https:\/\/impactschool.de\/uk\/formular-bewerbung-fachkraft-fuer-gesundheits-und-sozialdienstleistungen\/\" \/>\n<meta property=\"og:site_name\" content=\"SIS Social Impact School GmbH\" \/>\n<meta property=\"article:modified_time\" content=\"2026-04-15T06:54:21+00:00\" \/>\n<meta name=\"twitter:card\" content=\"summary_large_image\" \/>\n<meta name=\"twitter:label1\" content=\"\u041f\u0440\u0438\u0431\u043b. \u0447\u0430\u0441 \u0447\u0438\u0442\u0430\u043d\u043d\u044f\" \/>\n\t<meta name=\"twitter:data1\" content=\"1 \u0445\u0432\u0438\u043b\u0438\u043d\u0430\" \/>\n<script type=\"application\/ld+json\" class=\"yoast-schema-graph\">{\"@context\":\"https:\\\/\\\/schema.org\",\"@graph\":[{\"@type\":\"WebPage\",\"@id\":\"https:\\\/\\\/impactschool.de\\\/formular-bewerbung-fachkraft-fuer-gesundheits-und-sozialdienstleistungen\\\/\",\"url\":\"https:\\\/\\\/impactschool.de\\\/formular-bewerbung-fachkraft-fuer-gesundheits-und-sozialdienstleistungen\\\/\",\"name\":\"Formular Bewerbung | Fachkraft f\u00fcr Gesundheits- und Sozialdienstleistungen - SIS Social Impact School GmbH\",\"isPartOf\":{\"@id\":\"https:\\\/\\\/impactschool.de\\\/en\\\/#website\"},\"datePublished\":\"2026-04-15T06:53:28+00:00\",\"dateModified\":\"2026-04-15T06:54:21+00:00\",\"breadcrumb\":{\"@id\":\"https:\\\/\\\/impactschool.de\\\/formular-bewerbung-fachkraft-fuer-gesundheits-und-sozialdienstleistungen\\\/#breadcrumb\"},\"inLanguage\":\"uk\",\"potentialAction\":[{\"@type\":\"ReadAction\",\"target\":[\"https:\\\/\\\/impactschool.de\\\/formular-bewerbung-fachkraft-fuer-gesundheits-und-sozialdienstleistungen\\\/\"]}]},{\"@type\":\"BreadcrumbList\",\"@id\":\"https:\\\/\\\/impactschool.de\\\/formular-bewerbung-fachkraft-fuer-gesundheits-und-sozialdienstleistungen\\\/#breadcrumb\",\"itemListElement\":[{\"@type\":\"ListItem\",\"position\":1,\"name\":\"Home\",\"item\":\"https:\\\/\\\/impactschool.de\\\/\"},{\"@type\":\"ListItem\",\"position\":2,\"name\":\"Formular Bewerbung | Fachkraft f\u00fcr Gesundheits- und Sozialdienstleistungen\"}]},{\"@type\":\"WebSite\",\"@id\":\"https:\\\/\\\/impactschool.de\\\/en\\\/#website\",\"url\":\"https:\\\/\\\/impactschool.de\\\/en\\\/\",\"name\":\"SIS Social Impact School GmbH\",\"description\":\"SIS Social Impact School GmbH\",\"publisher\":{\"@id\":\"https:\\\/\\\/impactschool.de\\\/en\\\/#organization\"},\"potentialAction\":[{\"@type\":\"SearchAction\",\"target\":{\"@type\":\"EntryPoint\",\"urlTemplate\":\"https:\\\/\\\/impactschool.de\\\/en\\\/?s={search_term_string}\"},\"query-input\":{\"@type\":\"PropertyValueSpecification\",\"valueRequired\":true,\"valueName\":\"search_term_string\"}}],\"inLanguage\":\"uk\"},{\"@type\":\"Organization\",\"@id\":\"https:\\\/\\\/impactschool.de\\\/en\\\/#organization\",\"name\":\"SIS Social Impact School GmbH\",\"url\":\"https:\\\/\\\/impactschool.de\\\/en\\\/\",\"logo\":{\"@type\":\"ImageObject\",\"inLanguage\":\"uk\",\"@id\":\"https:\\\/\\\/impactschool.de\\\/en\\\/#\\\/schema\\\/logo\\\/image\\\/\",\"url\":\"https:\\\/\\\/impactschool.de\\\/wp-content\\\/uploads\\\/2026\\\/03\\\/Impact-School-Logo.png\",\"contentUrl\":\"https:\\\/\\\/impactschool.de\\\/wp-content\\\/uploads\\\/2026\\\/03\\\/Impact-School-Logo.png\",\"width\":1300,\"height\":1300,\"caption\":\"SIS Social Impact School GmbH\"},\"image\":{\"@id\":\"https:\\\/\\\/impactschool.de\\\/en\\\/#\\\/schema\\\/logo\\\/image\\\/\"},\"sameAs\":[\"https:\\\/\\\/de.linkedin.com\\\/company\\\/social-impact-school\",\"https:\\\/\\\/www.instagram.com\\\/impactschool.de\"]}]}<\/script>\n<!-- \/ Yoast SEO plugin. -->","yoast_head_json":{"title":"Formular Bewerbung | Fachkraft f\u00fcr Gesundheits- und Sozialdienstleistungen - SIS Social Impact School GmbH","robots":{"index":"index","follow":"follow","max-snippet":"max-snippet:-1","max-image-preview":"max-image-preview:large","max-video-preview":"max-video-preview:-1"},"canonical":"https:\/\/impactschool.de\/uk\/formular-bewerbung-fachkraft-fuer-gesundheits-und-sozialdienstleistungen\/","og_locale":"uk_UA","og_type":"article","og_title":"Formular Bewerbung | Fachkraft f\u00fcr Gesundheits- und Sozialdienstleistungen - SIS Social Impact School GmbH","og_description":"Bewerbung | Fachkraft f\u00fcr Gesundheits- und Sozialdienstleistungen (IHK) (Selbstzahler) Subscribe VornameNachnameE-Mail-AdresseTelefonnummerWie m\u00f6chtest du bevorzugt erreicht werden? Unkompliziert per WhatsApp und Telefon Anruf &amp; E-Mail Ich bin damit einverstanden, dass diese Website meine eingereichten Informationen speichert, damit sie auf meine Anfrage antworten k\u00f6nnenAnfrage senden","og_url":"https:\/\/impactschool.de\/uk\/formular-bewerbung-fachkraft-fuer-gesundheits-und-sozialdienstleistungen\/","og_site_name":"SIS Social Impact School GmbH","article_modified_time":"2026-04-15T06:54:21+00:00","twitter_card":"summary_large_image","twitter_misc":{"\u041f\u0440\u0438\u0431\u043b. \u0447\u0430\u0441 \u0447\u0438\u0442\u0430\u043d\u043d\u044f":"1 \u0445\u0432\u0438\u043b\u0438\u043d\u0430"},"schema":{"@context":"https:\/\/schema.org","@graph":[{"@type":"WebPage","@id":"https:\/\/impactschool.de\/formular-bewerbung-fachkraft-fuer-gesundheits-und-sozialdienstleistungen\/","url":"https:\/\/impactschool.de\/formular-bewerbung-fachkraft-fuer-gesundheits-und-sozialdienstleistungen\/","name":"Formular Bewerbung | Fachkraft f\u00fcr Gesundheits- und Sozialdienstleistungen - SIS Social Impact School GmbH","isPartOf":{"@id":"https:\/\/impactschool.de\/en\/#website"},"datePublished":"2026-04-15T06:53:28+00:00","dateModified":"2026-04-15T06:54:21+00:00","breadcrumb":{"@id":"https:\/\/impactschool.de\/formular-bewerbung-fachkraft-fuer-gesundheits-und-sozialdienstleistungen\/#breadcrumb"},"inLanguage":"uk","potentialAction":[{"@type":"ReadAction","target":["https:\/\/impactschool.de\/formular-bewerbung-fachkraft-fuer-gesundheits-und-sozialdienstleistungen\/"]}]},{"@type":"BreadcrumbList","@id":"https:\/\/impactschool.de\/formular-bewerbung-fachkraft-fuer-gesundheits-und-sozialdienstleistungen\/#breadcrumb","itemListElement":[{"@type":"ListItem","position":1,"name":"Home","item":"https:\/\/impactschool.de\/"},{"@type":"ListItem","position":2,"name":"Formular Bewerbung | Fachkraft f\u00fcr Gesundheits- und Sozialdienstleistungen"}]},{"@type":"WebSite","@id":"https:\/\/impactschool.de\/en\/#website","url":"https:\/\/impactschool.de\/en\/","name":"SIS Social Impact School GmbH","description":"SIS Social Impact School GmbH","publisher":{"@id":"https:\/\/impactschool.de\/en\/#organization"},"potentialAction":[{"@type":"SearchAction","target":{"@type":"EntryPoint","urlTemplate":"https:\/\/impactschool.de\/en\/?s={search_term_string}"},"query-input":{"@type":"PropertyValueSpecification","valueRequired":true,"valueName":"search_term_string"}}],"inLanguage":"uk"},{"@type":"Organization","@id":"https:\/\/impactschool.de\/en\/#organization","name":"SIS Social Impact School GmbH","url":"https:\/\/impactschool.de\/en\/","logo":{"@type":"ImageObject","inLanguage":"uk","@id":"https:\/\/impactschool.de\/en\/#\/schema\/logo\/image\/","url":"https:\/\/impactschool.de\/wp-content\/uploads\/2026\/03\/Impact-School-Logo.png","contentUrl":"https:\/\/impactschool.de\/wp-content\/uploads\/2026\/03\/Impact-School-Logo.png","width":1300,"height":1300,"caption":"SIS Social Impact School GmbH"},"image":{"@id":"https:\/\/impactschool.de\/en\/#\/schema\/logo\/image\/"},"sameAs":["https:\/\/de.linkedin.com\/company\/social-impact-school","https:\/\/www.instagram.com\/impactschool.de"]}]}},"_hostinger_reach_plugin_has_subscription_block":false,"_hostinger_reach_plugin_is_elementor":false,"_links":{"self":[{"href":"https:\/\/impactschool.de\/uk\/wp-json\/wp\/v2\/pages\/1840","targetHints":{"allow":["GET"]}}],"collection":[{"href":"https:\/\/impactschool.de\/uk\/wp-json\/wp\/v2\/pages"}],"about":[{"href":"https:\/\/impactschool.de\/uk\/wp-json\/wp\/v2\/types\/page"}],"author":[{"embeddable":true,"href":"https:\/\/impactschool.de\/uk\/wp-json\/wp\/v2\/users\/2"}],"replies":[{"embeddable":true,"href":"https:\/\/impactschool.de\/uk\/wp-json\/wp\/v2\/comments?post=1840"}],"version-history":[{"count":7,"href":"https:\/\/impactschool.de\/uk\/wp-json\/wp\/v2\/pages\/1840\/revisions"}],"predecessor-version":[{"id":1847,"href":"https:\/\/impactschool.de\/uk\/wp-json\/wp\/v2\/pages\/1840\/revisions\/1847"}],"wp:attachment":[{"href":"https:\/\/impactschool.de\/uk\/wp-json\/wp\/v2\/media?parent=1840"}],"curies":[{"name":"wp","href":"https:\/\/api.w.org\/{rel}","templated":true}]}}